{"id":18678,"date":"2022-11-03T17:35:29","date_gmt":"2022-11-03T17:35:29","guid":{"rendered":"https:\/\/varitrim.com\/?page_id=18678"},"modified":"2022-11-12T06:40:57","modified_gmt":"2022-11-12T06:40:57","slug":"a-propos-de-nous","status":"publish","type":"page","link":"https:\/\/varitrim.com\/?page_id=18678&lang=fr","title":{"rendered":"\u00c0 propos de nous"},"content":{"rendered":"<p>[vc_row][vc_column width=&#8221;1\/2&#8243;][vc_column_text]<\/p>\n<h1>Un des principaux fournisseurs de tissus \u00e9troits au Qu\u00e9bec, Canada<\/h1>\n<p>Les produits que nous d\u00e9veloppons chez Textiles Varitrim sont des composantes de l&#8217;industrie du v\u00eatement et de la chaussure et d&#8217;autres produits dans le monde entier. Gr\u00e2ce \u00e0 plus de 25 ans de fabrication de tissus \u00e9troits \u00e0 Montr\u00e9al, QC, nos livraisons rapides sont l&#8217;essence m\u00eame des besoins de nos clients.[\/vc_column_text][\/vc_column][vc_column width=&#8221;1\/2&#8243;][vc_single_image image=&#8221;18399&#8243; img_size=&#8221;medium&#8221; alignment=&#8221;center&#8221;][\/vc_column][\/vc_row][vc_row][vc_column][vc_column_text]Nous nous engageons \u00e0 r\u00e9pondre aux attentes de nos clients en leur proposant des garnitures et des produits similaires de la plus haute qualit\u00e9. Nous avons b\u00e2ti l&#8217;avantage concurrentiel de notre entreprise en consolidant notre position de fournisseur de choix d&#8217;\u00e9lastiques tricot\u00e9s et tiss\u00e9s pour les fabricants de v\u00eatements et de chaussures et les producteurs similaires. Les Textiles Varitrim Inc. s&#8217;engage \u00e0 maintenir l&#8217;excellence en s&#8217;adaptant et en s&#8217;ajustant aux changements au sein de l&#8217;industrie et du paysage commercial en constante \u00e9volution.<\/p>\n<p>Nous continuerons \u00e0 progresser gr\u00e2ce \u00e0 des initiatives de R&amp;D, des innovations dans les usines et un engagement in\u00e9branlable \u00e0 nous d\u00e9marquer de nos concurrents. Notre r\u00e9activit\u00e9 constante aux conditions du march\u00e9, combin\u00e9e \u00e0 notre passion d&#8217;\u00eatre les meilleurs, a non seulement forg\u00e9 notre mission, mais elle sert \u00e9galement \u00e0 d\u00e9montrer qui nous sommes en tant qu&#8217;entreprise.<\/p>\n<p>Ce d\u00e9vouement, associ\u00e9 au service \u00e0 la client\u00e8le et aux prix, nous a permis de nous d\u00e9velopper consid\u00e9rablement et de gagner le respect de nos clients fid\u00e8les. Notre objectif est d&#8217;am\u00e9liorer continuellement la fabrication de tous les produits que nous cr\u00e9ons en utilisant des syst\u00e8mes de contr\u00f4le de la qualit\u00e9 qui se concentrent sur les points suivants :<\/p>\n<ul>\n<li><strong>Planification et calendriers de production appropri\u00e9s <\/strong><\/li>\n<li><strong>Am\u00e9lioration de la qualit\u00e9 par la recherche de fournisseurs de mati\u00e8res premi\u00e8res fiables <\/strong><\/li>\n<li><strong>Respect des dates d&#8217;ex\u00e9cution des commandes<\/strong><\/li>\n<\/ul>\n<p>[\/vc_column_text][\/vc_column][\/vc_row]<\/p>\n","protected":false},"excerpt":{"rendered":"<p>[vc_row][vc_column width=&#8221;1\/2&#8243;][vc_column_text] Un des principaux fournisseurs de tissus \u00e9troits au Qu\u00e9bec, Canada Les produits que nous d\u00e9veloppons chez Textiles Varitrim sont des composantes de l&#8217;industrie du v\u00eatement et de la chaussure et d&#8217;autres produits dans le monde entier. Gr\u00e2ce \u00e0 plus de 25 ans de fabrication de tissus \u00e9troits \u00e0 Montr\u00e9al, QC, nos livraisons rapides [&hellip;]<\/p>\n","protected":false},"author":2,"featured_media":0,"parent":0,"menu_order":0,"comment_status":"closed","ping_status":"closed","template":"","meta":{"footnotes":""},"class_list":["post-18678","page","type-page","status-publish","hentry"],"yoast_head":"<!-- This site is optimized with the Yoast SEO plugin v25.2 - https:\/\/yoast.com\/wordpress\/plugins\/seo\/ -->\n<title>\u00c0 propos de nous - Leading Textile Company in Montreal, Varitrim Textiles Inc.<\/title>\n<meta name=\"robots\" content=\"index, follow, max-snippet:-1, max-image-preview:large, max-video-preview:-1\" \/>\n<link rel=\"canonical\" href=\"https:\/\/varitrim.com\/?page_id=18678&lang=fr\" \/>\n<meta property=\"og:locale\" content=\"en_US\" \/>\n<meta property=\"og:type\" content=\"article\" \/>\n<meta property=\"og:title\" content=\"\u00c0 propos de nous - Leading Textile Company in Montreal, Varitrim Textiles Inc.\" \/>\n<meta property=\"og:description\" content=\"[vc_row][vc_column width=&#8221;1\/2&#8243;][vc_column_text] Un des principaux fournisseurs de tissus \u00e9troits au Qu\u00e9bec, Canada Les produits que nous d\u00e9veloppons chez Textiles Varitrim sont des composantes de l&#8217;industrie du v\u00eatement et de la chaussure et d&#8217;autres produits dans le monde entier. Gr\u00e2ce \u00e0 plus de 25 ans de fabrication de tissus \u00e9troits \u00e0 Montr\u00e9al, QC, nos livraisons rapides [&hellip;]\" \/>\n<meta property=\"og:url\" content=\"https:\/\/varitrim.com\/?page_id=18678&amp;lang=fr\" \/>\n<meta property=\"og:site_name\" content=\"Leading Textile Company in Montreal, Varitrim Textiles Inc.\" \/>\n<meta property=\"article:modified_time\" content=\"2022-11-12T06:40:57+00:00\" \/>\n<meta name=\"twitter:card\" content=\"summary_large_image\" \/>\n<meta name=\"twitter:label1\" content=\"Est. reading time\" \/>\n\t<meta name=\"twitter:data1\" content=\"2 minutes\" \/>\n<script type=\"application\/ld+json\" class=\"yoast-schema-graph\">{\"@context\":\"https:\/\/schema.org\",\"@graph\":[{\"@type\":\"WebPage\",\"@id\":\"https:\/\/varitrim.com\/?page_id=18678&lang=fr\",\"url\":\"https:\/\/varitrim.com\/?page_id=18678&lang=fr\",\"name\":\"\u00c0 propos de nous - Leading Textile Company in Montreal, Varitrim Textiles Inc.\",\"isPartOf\":{\"@id\":\"https:\/\/varitrim.com\/#website\"},\"datePublished\":\"2022-11-03T17:35:29+00:00\",\"dateModified\":\"2022-11-12T06:40:57+00:00\",\"breadcrumb\":{\"@id\":\"https:\/\/varitrim.com\/?page_id=18678&lang=fr#breadcrumb\"},\"inLanguage\":\"en-US\",\"potentialAction\":[{\"@type\":\"ReadAction\",\"target\":[\"https:\/\/varitrim.com\/?page_id=18678&lang=fr\"]}]},{\"@type\":\"BreadcrumbList\",\"@id\":\"https:\/\/varitrim.com\/?page_id=18678&lang=fr#breadcrumb\",\"itemListElement\":[{\"@type\":\"ListItem\",\"position\":1,\"name\":\"Home\",\"item\":\"https:\/\/varitrim.com\/\"},{\"@type\":\"ListItem\",\"position\":2,\"name\":\"\u00c0 propos de nous\"}]},{\"@type\":\"WebSite\",\"@id\":\"https:\/\/varitrim.com\/#website\",\"url\":\"https:\/\/varitrim.com\/\",\"name\":\"Leading Textile Company in Montreal, Varitrim Textiles Inc.\",\"description\":\"Varitrim.com\",\"publisher\":{\"@id\":\"https:\/\/varitrim.com\/#organization\"},\"potentialAction\":[{\"@type\":\"SearchAction\",\"target\":{\"@type\":\"EntryPoint\",\"urlTemplate\":\"https:\/\/varitrim.com\/?s={search_term_string}\"},\"query-input\":{\"@type\":\"PropertyValueSpecification\",\"valueRequired\":true,\"valueName\":\"search_term_string\"}}],\"inLanguage\":\"en-US\"},{\"@type\":\"Organization\",\"@id\":\"https:\/\/varitrim.com\/#organization\",\"name\":\"Leading Textile Company in Montreal, Varitrim Textiles Inc.\",\"url\":\"https:\/\/varitrim.com\/\",\"logo\":{\"@type\":\"ImageObject\",\"inLanguage\":\"en-US\",\"@id\":\"https:\/\/varitrim.com\/#\/schema\/logo\/image\/\",\"url\":\"https:\/\/varitrim.com\/wp-content\/uploads\/2022\/10\/varitrim-e1665027780965.png\",\"contentUrl\":\"https:\/\/varitrim.com\/wp-content\/uploads\/2022\/10\/varitrim-e1665027780965.png\",\"width\":400,\"height\":81,\"caption\":\"Leading Textile Company in Montreal, Varitrim Textiles Inc.\"},\"image\":{\"@id\":\"https:\/\/varitrim.com\/#\/schema\/logo\/image\/\"}}]}<\/script>\n<!-- \/ Yoast SEO plugin. -->","yoast_head_json":{"title":"\u00c0 propos de nous - Leading Textile Company in Montreal, Varitrim Textiles Inc.","robots":{"index":"index","follow":"follow","max-snippet":"max-snippet:-1","max-image-preview":"max-image-preview:large","max-video-preview":"max-video-preview:-1"},"canonical":"https:\/\/varitrim.com\/?page_id=18678&lang=fr","og_locale":"en_US","og_type":"article","og_title":"\u00c0 propos de nous - Leading Textile Company in Montreal, Varitrim Textiles Inc.","og_description":"[vc_row][vc_column width=&#8221;1\/2&#8243;][vc_column_text] Un des principaux fournisseurs de tissus \u00e9troits au Qu\u00e9bec, Canada Les produits que nous d\u00e9veloppons chez Textiles Varitrim sont des composantes de l&#8217;industrie du v\u00eatement et de la chaussure et d&#8217;autres produits dans le monde entier. Gr\u00e2ce \u00e0 plus de 25 ans de fabrication de tissus \u00e9troits \u00e0 Montr\u00e9al, QC, nos livraisons rapides [&hellip;]","og_url":"https:\/\/varitrim.com\/?page_id=18678&lang=fr","og_site_name":"Leading Textile Company in Montreal, Varitrim Textiles Inc.","article_modified_time":"2022-11-12T06:40:57+00:00","twitter_card":"summary_large_image","twitter_misc":{"Est. reading time":"2 minutes"},"schema":{"@context":"https:\/\/schema.org","@graph":[{"@type":"WebPage","@id":"https:\/\/varitrim.com\/?page_id=18678&lang=fr","url":"https:\/\/varitrim.com\/?page_id=18678&lang=fr","name":"\u00c0 propos de nous - Leading Textile Company in Montreal, Varitrim Textiles Inc.","isPartOf":{"@id":"https:\/\/varitrim.com\/#website"},"datePublished":"2022-11-03T17:35:29+00:00","dateModified":"2022-11-12T06:40:57+00:00","breadcrumb":{"@id":"https:\/\/varitrim.com\/?page_id=18678&lang=fr#breadcrumb"},"inLanguage":"en-US","potentialAction":[{"@type":"ReadAction","target":["https:\/\/varitrim.com\/?page_id=18678&lang=fr"]}]},{"@type":"BreadcrumbList","@id":"https:\/\/varitrim.com\/?page_id=18678&lang=fr#breadcrumb","itemListElement":[{"@type":"ListItem","position":1,"name":"Home","item":"https:\/\/varitrim.com\/"},{"@type":"ListItem","position":2,"name":"\u00c0 propos de nous"}]},{"@type":"WebSite","@id":"https:\/\/varitrim.com\/#website","url":"https:\/\/varitrim.com\/","name":"Leading Textile Company in Montreal, Varitrim Textiles Inc.","description":"Varitrim.com","publisher":{"@id":"https:\/\/varitrim.com\/#organization"},"potentialAction":[{"@type":"SearchAction","target":{"@type":"EntryPoint","urlTemplate":"https:\/\/varitrim.com\/?s={search_term_string}"},"query-input":{"@type":"PropertyValueSpecification","valueRequired":true,"valueName":"search_term_string"}}],"inLanguage":"en-US"},{"@type":"Organization","@id":"https:\/\/varitrim.com\/#organization","name":"Leading Textile Company in Montreal, Varitrim Textiles Inc.","url":"https:\/\/varitrim.com\/","logo":{"@type":"ImageObject","inLanguage":"en-US","@id":"https:\/\/varitrim.com\/#\/schema\/logo\/image\/","url":"https:\/\/varitrim.com\/wp-content\/uploads\/2022\/10\/varitrim-e1665027780965.png","contentUrl":"https:\/\/varitrim.com\/wp-content\/uploads\/2022\/10\/varitrim-e1665027780965.png","width":400,"height":81,"caption":"Leading Textile Company in Montreal, Varitrim Textiles Inc."},"image":{"@id":"https:\/\/varitrim.com\/#\/schema\/logo\/image\/"}}]}},"lang":"fr","translations":{"fr":18678,"en":18387},"pll_sync_post":[],"_links":{"self":[{"href":"https:\/\/varitrim.com\/index.php?rest_route=\/wp\/v2\/pages\/18678","targetHints":{"allow":["GET"]}}],"collection":[{"href":"https:\/\/varitrim.com\/index.php?rest_route=\/wp\/v2\/pages"}],"about":[{"href":"https:\/\/varitrim.com\/index.php?rest_route=\/wp\/v2\/types\/page"}],"author":[{"embeddable":true,"href":"https:\/\/varitrim.com\/index.php?rest_route=\/wp\/v2\/users\/2"}],"replies":[{"embeddable":true,"href":"https:\/\/varitrim.com\/index.php?rest_route=%2Fwp%2Fv2%2Fcomments&post=18678"}],"version-history":[{"count":0,"href":"https:\/\/varitrim.com\/index.php?rest_route=\/wp\/v2\/pages\/18678\/revisions"}],"wp:attachment":[{"href":"https:\/\/varitrim.com\/index.php?rest_route=%2Fwp%2Fv2%2Fmedia&parent=18678"}],"curies":[{"name":"wp","href":"https:\/\/api.w.org\/{rel}","templated":true}]}}