{"id":18633,"date":"2022-11-03T04:01:05","date_gmt":"2022-11-03T04:01:05","guid":{"rendered":"https:\/\/varitrim.com\/?post_type=product&#038;p=18633"},"modified":"2022-11-03T18:17:53","modified_gmt":"2022-11-03T18:17:53","slug":"elastique-tisse-uni","status":"publish","type":"product","link":"https:\/\/varitrim.com\/?product=elastique-tisse-uni&lang=fr","title":{"rendered":"Elastique tiss\u00e9 uni"},"content":{"rendered":"<p>L&#8217;\u00e9lastique tiss\u00e9 se reconna\u00eet \u00e0 ses nervures transversales et parall\u00e8les. Il ne r\u00e9tr\u00e9cit pas lorsqu&#8217;il est \u00e9tir\u00e9 et peut \u00eatre facilement cousu. Les largeurs vont de \u00bd&#8221; \u00e0 5&#8243;. L&#8217;\u00e9tirement et le module peuvent \u00eatre ajust\u00e9s. L&#8217;\u00e9lastique tiss\u00e9 est \u00e9galement disponible avec une enveloppe en polyester ou en nylon, recouverte de caoutchouc latex ou non latex.<\/p>\n","protected":false},"excerpt":{"rendered":"<p>L&#8217;\u00e9lastique tiss\u00e9 se reconna\u00eet \u00e0 ses nervures transversales et parall\u00e8les. Il ne r\u00e9tr\u00e9cit pas lorsqu&#8217;il est \u00e9tir\u00e9 et peut \u00eatre facilement cousu. Les largeurs vont de \u00bd&#8221; \u00e0 5&#8243;. L&#8217;\u00e9tirement et le module peuvent \u00eatre ajust\u00e9s. L&#8217;\u00e9lastique tiss\u00e9 est \u00e9galement disponible avec une enveloppe en polyester ou en nylon, recouverte de caoutchouc latex ou non latex.<\/p>\n","protected":false},"featured_media":18601,"template":"","meta":[],"product_brand":[],"product_cat":[294],"product_tag":[],"class_list":{"0":"post-18633","1":"product","2":"type-product","3":"status-publish","4":"has-post-thumbnail","6":"product_cat-elastiques-tisses-unis","8":"first","9":"instock","10":"shipping-taxable","11":"product-type-simple"},"yoast_head":"<!-- This site is optimized with the Yoast SEO plugin v25.2 - https:\/\/yoast.com\/wordpress\/plugins\/seo\/ -->\n<title>Elastique tiss\u00e9 uni - Leading Textile Company in Montreal, Varitrim Textiles Inc.<\/title>\n<meta name=\"robots\" content=\"index, follow, max-snippet:-1, max-image-preview:large, max-video-preview:-1\" \/>\n<link rel=\"canonical\" href=\"https:\/\/varitrim.com\/?product=elastique-tisse-uni&lang=fr\" \/>\n<meta property=\"og:locale\" content=\"en_US\" \/>\n<meta property=\"og:type\" content=\"article\" \/>\n<meta property=\"og:title\" content=\"Elastique tiss\u00e9 uni - Leading Textile Company in Montreal, Varitrim Textiles Inc.\" \/>\n<meta property=\"og:description\" content=\"L&#039;\u00e9lastique tiss\u00e9 se reconna\u00eet \u00e0 ses nervures transversales et parall\u00e8les. Il ne r\u00e9tr\u00e9cit pas lorsqu&#039;il est \u00e9tir\u00e9 et peut \u00eatre facilement cousu. Les largeurs vont de \u00bd&quot; \u00e0 5&quot;. L&#039;\u00e9tirement et le module peuvent \u00eatre ajust\u00e9s. L&#039;\u00e9lastique tiss\u00e9 est \u00e9galement disponible avec une enveloppe en polyester ou en nylon, recouverte de caoutchouc latex ou non latex.\" \/>\n<meta property=\"og:url\" content=\"https:\/\/varitrim.com\/?product=elastique-tisse-uni&amp;lang=fr\" \/>\n<meta property=\"og:site_name\" content=\"Leading Textile Company in Montreal, Varitrim Textiles Inc.\" \/>\n<meta property=\"article:modified_time\" content=\"2022-11-03T18:17:53+00:00\" \/>\n<meta property=\"og:image\" content=\"https:\/\/varitrim.com\/wp-content\/uploads\/2022\/10\/plain_woven_elastic.png\" \/>\n\t<meta property=\"og:image:width\" content=\"800\" \/>\n\t<meta property=\"og:image:height\" content=\"800\" \/>\n\t<meta property=\"og:image:type\" content=\"image\/png\" \/>\n<meta name=\"twitter:card\" content=\"summary_large_image\" \/>\n<meta name=\"twitter:label1\" content=\"Est. reading time\" \/>\n\t<meta name=\"twitter:data1\" content=\"1 minute\" \/>\n<script type=\"application\/ld+json\" class=\"yoast-schema-graph\">{\"@context\":\"https:\/\/schema.org\",\"@graph\":[{\"@type\":\"WebPage\",\"@id\":\"https:\/\/varitrim.com\/?product=elastique-tisse-uni&lang=fr\",\"url\":\"https:\/\/varitrim.com\/?product=elastique-tisse-uni&lang=fr\",\"name\":\"Elastique tiss\u00e9 uni - Leading Textile Company in Montreal, Varitrim Textiles Inc.\",\"isPartOf\":{\"@id\":\"https:\/\/varitrim.com\/#website\"},\"primaryImageOfPage\":{\"@id\":\"https:\/\/varitrim.com\/?product=elastique-tisse-uni&lang=fr#primaryimage\"},\"image\":{\"@id\":\"https:\/\/varitrim.com\/?product=elastique-tisse-uni&lang=fr#primaryimage\"},\"thumbnailUrl\":\"https:\/\/varitrim.com\/wp-content\/uploads\/2022\/10\/plain_woven_elastic.png\",\"datePublished\":\"2022-11-03T04:01:05+00:00\",\"dateModified\":\"2022-11-03T18:17:53+00:00\",\"breadcrumb\":{\"@id\":\"https:\/\/varitrim.com\/?product=elastique-tisse-uni&lang=fr#breadcrumb\"},\"inLanguage\":\"en-US\",\"potentialAction\":[{\"@type\":\"ReadAction\",\"target\":[\"https:\/\/varitrim.com\/?product=elastique-tisse-uni&lang=fr\"]}]},{\"@type\":\"ImageObject\",\"inLanguage\":\"en-US\",\"@id\":\"https:\/\/varitrim.com\/?product=elastique-tisse-uni&lang=fr#primaryimage\",\"url\":\"https:\/\/varitrim.com\/wp-content\/uploads\/2022\/10\/plain_woven_elastic.png\",\"contentUrl\":\"https:\/\/varitrim.com\/wp-content\/uploads\/2022\/10\/plain_woven_elastic.png\",\"width\":800,\"height\":800},{\"@type\":\"BreadcrumbList\",\"@id\":\"https:\/\/varitrim.com\/?product=elastique-tisse-uni&lang=fr#breadcrumb\",\"itemListElement\":[{\"@type\":\"ListItem\",\"position\":1,\"name\":\"Home\",\"item\":\"https:\/\/varitrim.com\/\"},{\"@type\":\"ListItem\",\"position\":2,\"name\":\"Contact Us for a Quote: 1.800.593.7471\",\"item\":\"https:\/\/varitrim.com\/?page_id=51\"},{\"@type\":\"ListItem\",\"position\":3,\"name\":\"Elastique tiss\u00e9 uni\"}]},{\"@type\":\"WebSite\",\"@id\":\"https:\/\/varitrim.com\/#website\",\"url\":\"https:\/\/varitrim.com\/\",\"name\":\"Leading Textile Company in Montreal, Varitrim Textiles Inc.\",\"description\":\"Varitrim.com\",\"publisher\":{\"@id\":\"https:\/\/varitrim.com\/#organization\"},\"potentialAction\":[{\"@type\":\"SearchAction\",\"target\":{\"@type\":\"EntryPoint\",\"urlTemplate\":\"https:\/\/varitrim.com\/?s={search_term_string}\"},\"query-input\":{\"@type\":\"PropertyValueSpecification\",\"valueRequired\":true,\"valueName\":\"search_term_string\"}}],\"inLanguage\":\"en-US\"},{\"@type\":\"Organization\",\"@id\":\"https:\/\/varitrim.com\/#organization\",\"name\":\"Leading Textile Company in Montreal, Varitrim Textiles Inc.\",\"url\":\"https:\/\/varitrim.com\/\",\"logo\":{\"@type\":\"ImageObject\",\"inLanguage\":\"en-US\",\"@id\":\"https:\/\/varitrim.com\/#\/schema\/logo\/image\/\",\"url\":\"https:\/\/varitrim.com\/wp-content\/uploads\/2022\/10\/varitrim-e1665027780965.png\",\"contentUrl\":\"https:\/\/varitrim.com\/wp-content\/uploads\/2022\/10\/varitrim-e1665027780965.png\",\"width\":400,\"height\":81,\"caption\":\"Leading Textile Company in Montreal, Varitrim Textiles Inc.\"},\"image\":{\"@id\":\"https:\/\/varitrim.com\/#\/schema\/logo\/image\/\"}}]}<\/script>\n<!-- \/ Yoast SEO plugin. -->","yoast_head_json":{"title":"Elastique tiss\u00e9 uni - Leading Textile Company in Montreal, Varitrim Textiles Inc.","robots":{"index":"index","follow":"follow","max-snippet":"max-snippet:-1","max-image-preview":"max-image-preview:large","max-video-preview":"max-video-preview:-1"},"canonical":"https:\/\/varitrim.com\/?product=elastique-tisse-uni&lang=fr","og_locale":"en_US","og_type":"article","og_title":"Elastique tiss\u00e9 uni - Leading Textile Company in Montreal, Varitrim Textiles Inc.","og_description":"L'\u00e9lastique tiss\u00e9 se reconna\u00eet \u00e0 ses nervures transversales et parall\u00e8les. Il ne r\u00e9tr\u00e9cit pas lorsqu'il est \u00e9tir\u00e9 et peut \u00eatre facilement cousu. Les largeurs vont de \u00bd\" \u00e0 5\". L'\u00e9tirement et le module peuvent \u00eatre ajust\u00e9s. L'\u00e9lastique tiss\u00e9 est \u00e9galement disponible avec une enveloppe en polyester ou en nylon, recouverte de caoutchouc latex ou non latex.","og_url":"https:\/\/varitrim.com\/?product=elastique-tisse-uni&lang=fr","og_site_name":"Leading Textile Company in Montreal, Varitrim Textiles Inc.","article_modified_time":"2022-11-03T18:17:53+00:00","og_image":[{"width":800,"height":800,"url":"https:\/\/varitrim.com\/wp-content\/uploads\/2022\/10\/plain_woven_elastic.png","type":"image\/png"}],"twitter_card":"summary_large_image","twitter_misc":{"Est. reading time":"1 minute"},"schema":{"@context":"https:\/\/schema.org","@graph":[{"@type":"WebPage","@id":"https:\/\/varitrim.com\/?product=elastique-tisse-uni&lang=fr","url":"https:\/\/varitrim.com\/?product=elastique-tisse-uni&lang=fr","name":"Elastique tiss\u00e9 uni - Leading Textile Company in Montreal, Varitrim Textiles Inc.","isPartOf":{"@id":"https:\/\/varitrim.com\/#website"},"primaryImageOfPage":{"@id":"https:\/\/varitrim.com\/?product=elastique-tisse-uni&lang=fr#primaryimage"},"image":{"@id":"https:\/\/varitrim.com\/?product=elastique-tisse-uni&lang=fr#primaryimage"},"thumbnailUrl":"https:\/\/varitrim.com\/wp-content\/uploads\/2022\/10\/plain_woven_elastic.png","datePublished":"2022-11-03T04:01:05+00:00","dateModified":"2022-11-03T18:17:53+00:00","breadcrumb":{"@id":"https:\/\/varitrim.com\/?product=elastique-tisse-uni&lang=fr#breadcrumb"},"inLanguage":"en-US","potentialAction":[{"@type":"ReadAction","target":["https:\/\/varitrim.com\/?product=elastique-tisse-uni&lang=fr"]}]},{"@type":"ImageObject","inLanguage":"en-US","@id":"https:\/\/varitrim.com\/?product=elastique-tisse-uni&lang=fr#primaryimage","url":"https:\/\/varitrim.com\/wp-content\/uploads\/2022\/10\/plain_woven_elastic.png","contentUrl":"https:\/\/varitrim.com\/wp-content\/uploads\/2022\/10\/plain_woven_elastic.png","width":800,"height":800},{"@type":"BreadcrumbList","@id":"https:\/\/varitrim.com\/?product=elastique-tisse-uni&lang=fr#breadcrumb","itemListElement":[{"@type":"ListItem","position":1,"name":"Home","item":"https:\/\/varitrim.com\/"},{"@type":"ListItem","position":2,"name":"Contact Us for a Quote: 1.800.593.7471","item":"https:\/\/varitrim.com\/?page_id=51"},{"@type":"ListItem","position":3,"name":"Elastique tiss\u00e9 uni"}]},{"@type":"WebSite","@id":"https:\/\/varitrim.com\/#website","url":"https:\/\/varitrim.com\/","name":"Leading Textile Company in Montreal, Varitrim Textiles Inc.","description":"Varitrim.com","publisher":{"@id":"https:\/\/varitrim.com\/#organization"},"potentialAction":[{"@type":"SearchAction","target":{"@type":"EntryPoint","urlTemplate":"https:\/\/varitrim.com\/?s={search_term_string}"},"query-input":{"@type":"PropertyValueSpecification","valueRequired":true,"valueName":"search_term_string"}}],"inLanguage":"en-US"},{"@type":"Organization","@id":"https:\/\/varitrim.com\/#organization","name":"Leading Textile Company in Montreal, Varitrim Textiles Inc.","url":"https:\/\/varitrim.com\/","logo":{"@type":"ImageObject","inLanguage":"en-US","@id":"https:\/\/varitrim.com\/#\/schema\/logo\/image\/","url":"https:\/\/varitrim.com\/wp-content\/uploads\/2022\/10\/varitrim-e1665027780965.png","contentUrl":"https:\/\/varitrim.com\/wp-content\/uploads\/2022\/10\/varitrim-e1665027780965.png","width":400,"height":81,"caption":"Leading Textile Company in Montreal, Varitrim Textiles Inc."},"image":{"@id":"https:\/\/varitrim.com\/#\/schema\/logo\/image\/"}}]}},"lang":"fr","translations":{"fr":18633,"en":18600},"pll_sync_post":[],"_links":{"self":[{"href":"https:\/\/varitrim.com\/index.php?rest_route=\/wp\/v2\/product\/18633","targetHints":{"allow":["GET"]}}],"collection":[{"href":"https:\/\/varitrim.com\/index.php?rest_route=\/wp\/v2\/product"}],"about":[{"href":"https:\/\/varitrim.com\/index.php?rest_route=\/wp\/v2\/types\/product"}],"wp:featuredmedia":[{"embeddable":true,"href":"https:\/\/varitrim.com\/index.php?rest_route=\/wp\/v2\/media\/18601"}],"wp:attachment":[{"href":"https:\/\/varitrim.com\/index.php?rest_route=%2Fwp%2Fv2%2Fmedia&parent=18633"}],"wp:term":[{"taxonomy":"product_brand","embeddable":true,"href":"https:\/\/varitrim.com\/index.php?rest_route=%2Fwp%2Fv2%2Fproduct_brand&post=18633"},{"taxonomy":"product_cat","embeddable":true,"href":"https:\/\/varitrim.com\/index.php?rest_route=%2Fwp%2Fv2%2Fproduct_cat&post=18633"},{"taxonomy":"product_tag","embeddable":true,"href":"https:\/\/varitrim.com\/index.php?rest_route=%2Fwp%2Fv2%2Fproduct_tag&post=18633"}],"curies":[{"name":"wp","href":"https:\/\/api.w.org\/{rel}","templated":true}]}}