{"id":18636,"date":"2022-11-03T04:05:37","date_gmt":"2022-11-03T04:05:37","guid":{"rendered":"https:\/\/varitrim.com\/?post_type=product&#038;p=18636"},"modified":"2022-11-03T04:05:38","modified_gmt":"2022-11-03T04:05:38","slug":"picot-elastic","status":"publish","type":"product","link":"https:\/\/varitrim.com\/?product=picot-elastic&lang=fr","title":{"rendered":"Elastique Picot"},"content":{"rendered":"<p>Disponible en diff\u00e9rentes largeurs. Cet \u00e9lastique est produit avec un bord festonn\u00e9 ou picot\u00e9 de couleur noire ou blanche. Il est tr\u00e8s polyvalent et parfait pour la lingerie. Grande qualit\u00e9, l\u00e9ger et bien extensible.<\/p>\n","protected":false},"excerpt":{"rendered":"<p>Disponible en diff\u00e9rentes largeurs. Cet \u00e9lastique est produit avec un bord festonn\u00e9 ou picot\u00e9 de couleur noire ou blanche. Il est tr\u00e8s polyvalent et parfait pour la lingerie. Grande qualit\u00e9, l\u00e9ger et bien extensible.<\/p>\n","protected":false},"featured_media":18595,"template":"","meta":[],"product_brand":[],"product_cat":[300],"product_tag":[],"class_list":{"0":"post-18636","1":"product","2":"type-product","3":"status-publish","4":"has-post-thumbnail","6":"product_cat-elastiques-de-lingerie-picot","8":"first","9":"instock","10":"shipping-taxable","11":"product-type-simple"},"yoast_head":"<!-- This site is optimized with the Yoast SEO plugin v25.2 - https:\/\/yoast.com\/wordpress\/plugins\/seo\/ -->\n<title>Elastique Picot - Leading Textile Company in Montreal, Varitrim Textiles Inc.<\/title>\n<meta name=\"robots\" content=\"index, follow, max-snippet:-1, max-image-preview:large, max-video-preview:-1\" \/>\n<link rel=\"canonical\" href=\"https:\/\/varitrim.com\/?product=picot-elastic&lang=fr\" \/>\n<meta property=\"og:locale\" content=\"en_US\" \/>\n<meta property=\"og:type\" content=\"article\" \/>\n<meta property=\"og:title\" content=\"Elastique Picot - Leading Textile Company in Montreal, Varitrim Textiles Inc.\" \/>\n<meta property=\"og:description\" content=\"Disponible en diff\u00e9rentes largeurs. Cet \u00e9lastique est produit avec un bord festonn\u00e9 ou picot\u00e9 de couleur noire ou blanche. Il est tr\u00e8s polyvalent et parfait pour la lingerie. Grande qualit\u00e9, l\u00e9ger et bien extensible.\" \/>\n<meta property=\"og:url\" content=\"https:\/\/varitrim.com\/?product=picot-elastic&amp;lang=fr\" \/>\n<meta property=\"og:site_name\" content=\"Leading Textile Company in Montreal, Varitrim Textiles Inc.\" \/>\n<meta property=\"article:modified_time\" content=\"2022-11-03T04:05:38+00:00\" \/>\n<meta property=\"og:image\" content=\"https:\/\/varitrim.com\/wp-content\/uploads\/2022\/10\/picot_elastic.png\" \/>\n\t<meta property=\"og:image:width\" content=\"800\" \/>\n\t<meta property=\"og:image:height\" content=\"800\" \/>\n\t<meta property=\"og:image:type\" content=\"image\/png\" \/>\n<meta name=\"twitter:card\" content=\"summary_large_image\" \/>\n<script type=\"application\/ld+json\" class=\"yoast-schema-graph\">{\"@context\":\"https:\/\/schema.org\",\"@graph\":[{\"@type\":\"WebPage\",\"@id\":\"https:\/\/varitrim.com\/?product=picot-elastic&lang=fr\",\"url\":\"https:\/\/varitrim.com\/?product=picot-elastic&lang=fr\",\"name\":\"Elastique Picot - Leading Textile Company in Montreal, Varitrim Textiles Inc.\",\"isPartOf\":{\"@id\":\"https:\/\/varitrim.com\/#website\"},\"primaryImageOfPage\":{\"@id\":\"https:\/\/varitrim.com\/?product=picot-elastic&lang=fr#primaryimage\"},\"image\":{\"@id\":\"https:\/\/varitrim.com\/?product=picot-elastic&lang=fr#primaryimage\"},\"thumbnailUrl\":\"https:\/\/varitrim.com\/wp-content\/uploads\/2022\/10\/picot_elastic.png\",\"datePublished\":\"2022-11-03T04:05:37+00:00\",\"dateModified\":\"2022-11-03T04:05:38+00:00\",\"breadcrumb\":{\"@id\":\"https:\/\/varitrim.com\/?product=picot-elastic&lang=fr#breadcrumb\"},\"inLanguage\":\"en-US\",\"potentialAction\":[{\"@type\":\"ReadAction\",\"target\":[\"https:\/\/varitrim.com\/?product=picot-elastic&lang=fr\"]}]},{\"@type\":\"ImageObject\",\"inLanguage\":\"en-US\",\"@id\":\"https:\/\/varitrim.com\/?product=picot-elastic&lang=fr#primaryimage\",\"url\":\"https:\/\/varitrim.com\/wp-content\/uploads\/2022\/10\/picot_elastic.png\",\"contentUrl\":\"https:\/\/varitrim.com\/wp-content\/uploads\/2022\/10\/picot_elastic.png\",\"width\":800,\"height\":800},{\"@type\":\"BreadcrumbList\",\"@id\":\"https:\/\/varitrim.com\/?product=picot-elastic&lang=fr#breadcrumb\",\"itemListElement\":[{\"@type\":\"ListItem\",\"position\":1,\"name\":\"Home\",\"item\":\"https:\/\/varitrim.com\/\"},{\"@type\":\"ListItem\",\"position\":2,\"name\":\"Contact Us for a Quote: 1.800.593.7471\",\"item\":\"https:\/\/varitrim.com\/?page_id=51\"},{\"@type\":\"ListItem\",\"position\":3,\"name\":\"Elastique Picot\"}]},{\"@type\":\"WebSite\",\"@id\":\"https:\/\/varitrim.com\/#website\",\"url\":\"https:\/\/varitrim.com\/\",\"name\":\"Leading Textile Company in Montreal, Varitrim Textiles Inc.\",\"description\":\"Varitrim.com\",\"publisher\":{\"@id\":\"https:\/\/varitrim.com\/#organization\"},\"potentialAction\":[{\"@type\":\"SearchAction\",\"target\":{\"@type\":\"EntryPoint\",\"urlTemplate\":\"https:\/\/varitrim.com\/?s={search_term_string}\"},\"query-input\":{\"@type\":\"PropertyValueSpecification\",\"valueRequired\":true,\"valueName\":\"search_term_string\"}}],\"inLanguage\":\"en-US\"},{\"@type\":\"Organization\",\"@id\":\"https:\/\/varitrim.com\/#organization\",\"name\":\"Leading Textile Company in Montreal, Varitrim Textiles Inc.\",\"url\":\"https:\/\/varitrim.com\/\",\"logo\":{\"@type\":\"ImageObject\",\"inLanguage\":\"en-US\",\"@id\":\"https:\/\/varitrim.com\/#\/schema\/logo\/image\/\",\"url\":\"https:\/\/varitrim.com\/wp-content\/uploads\/2022\/10\/varitrim-e1665027780965.png\",\"contentUrl\":\"https:\/\/varitrim.com\/wp-content\/uploads\/2022\/10\/varitrim-e1665027780965.png\",\"width\":400,\"height\":81,\"caption\":\"Leading Textile Company in Montreal, Varitrim Textiles Inc.\"},\"image\":{\"@id\":\"https:\/\/varitrim.com\/#\/schema\/logo\/image\/\"}}]}<\/script>\n<!-- \/ Yoast SEO plugin. -->","yoast_head_json":{"title":"Elastique Picot - Leading Textile Company in Montreal, Varitrim Textiles Inc.","robots":{"index":"index","follow":"follow","max-snippet":"max-snippet:-1","max-image-preview":"max-image-preview:large","max-video-preview":"max-video-preview:-1"},"canonical":"https:\/\/varitrim.com\/?product=picot-elastic&lang=fr","og_locale":"en_US","og_type":"article","og_title":"Elastique Picot - Leading Textile Company in Montreal, Varitrim Textiles Inc.","og_description":"Disponible en diff\u00e9rentes largeurs. Cet \u00e9lastique est produit avec un bord festonn\u00e9 ou picot\u00e9 de couleur noire ou blanche. Il est tr\u00e8s polyvalent et parfait pour la lingerie. Grande qualit\u00e9, l\u00e9ger et bien extensible.","og_url":"https:\/\/varitrim.com\/?product=picot-elastic&lang=fr","og_site_name":"Leading Textile Company in Montreal, Varitrim Textiles Inc.","article_modified_time":"2022-11-03T04:05:38+00:00","og_image":[{"width":800,"height":800,"url":"https:\/\/varitrim.com\/wp-content\/uploads\/2022\/10\/picot_elastic.png","type":"image\/png"}],"twitter_card":"summary_large_image","schema":{"@context":"https:\/\/schema.org","@graph":[{"@type":"WebPage","@id":"https:\/\/varitrim.com\/?product=picot-elastic&lang=fr","url":"https:\/\/varitrim.com\/?product=picot-elastic&lang=fr","name":"Elastique Picot - Leading Textile Company in Montreal, Varitrim Textiles Inc.","isPartOf":{"@id":"https:\/\/varitrim.com\/#website"},"primaryImageOfPage":{"@id":"https:\/\/varitrim.com\/?product=picot-elastic&lang=fr#primaryimage"},"image":{"@id":"https:\/\/varitrim.com\/?product=picot-elastic&lang=fr#primaryimage"},"thumbnailUrl":"https:\/\/varitrim.com\/wp-content\/uploads\/2022\/10\/picot_elastic.png","datePublished":"2022-11-03T04:05:37+00:00","dateModified":"2022-11-03T04:05:38+00:00","breadcrumb":{"@id":"https:\/\/varitrim.com\/?product=picot-elastic&lang=fr#breadcrumb"},"inLanguage":"en-US","potentialAction":[{"@type":"ReadAction","target":["https:\/\/varitrim.com\/?product=picot-elastic&lang=fr"]}]},{"@type":"ImageObject","inLanguage":"en-US","@id":"https:\/\/varitrim.com\/?product=picot-elastic&lang=fr#primaryimage","url":"https:\/\/varitrim.com\/wp-content\/uploads\/2022\/10\/picot_elastic.png","contentUrl":"https:\/\/varitrim.com\/wp-content\/uploads\/2022\/10\/picot_elastic.png","width":800,"height":800},{"@type":"BreadcrumbList","@id":"https:\/\/varitrim.com\/?product=picot-elastic&lang=fr#breadcrumb","itemListElement":[{"@type":"ListItem","position":1,"name":"Home","item":"https:\/\/varitrim.com\/"},{"@type":"ListItem","position":2,"name":"Contact Us for a Quote: 1.800.593.7471","item":"https:\/\/varitrim.com\/?page_id=51"},{"@type":"ListItem","position":3,"name":"Elastique Picot"}]},{"@type":"WebSite","@id":"https:\/\/varitrim.com\/#website","url":"https:\/\/varitrim.com\/","name":"Leading Textile Company in Montreal, Varitrim Textiles Inc.","description":"Varitrim.com","publisher":{"@id":"https:\/\/varitrim.com\/#organization"},"potentialAction":[{"@type":"SearchAction","target":{"@type":"EntryPoint","urlTemplate":"https:\/\/varitrim.com\/?s={search_term_string}"},"query-input":{"@type":"PropertyValueSpecification","valueRequired":true,"valueName":"search_term_string"}}],"inLanguage":"en-US"},{"@type":"Organization","@id":"https:\/\/varitrim.com\/#organization","name":"Leading Textile Company in Montreal, Varitrim Textiles Inc.","url":"https:\/\/varitrim.com\/","logo":{"@type":"ImageObject","inLanguage":"en-US","@id":"https:\/\/varitrim.com\/#\/schema\/logo\/image\/","url":"https:\/\/varitrim.com\/wp-content\/uploads\/2022\/10\/varitrim-e1665027780965.png","contentUrl":"https:\/\/varitrim.com\/wp-content\/uploads\/2022\/10\/varitrim-e1665027780965.png","width":400,"height":81,"caption":"Leading Textile Company in Montreal, Varitrim Textiles Inc."},"image":{"@id":"https:\/\/varitrim.com\/#\/schema\/logo\/image\/"}}]}},"lang":"fr","translations":{"fr":18636,"en":18593},"pll_sync_post":[],"_links":{"self":[{"href":"https:\/\/varitrim.com\/index.php?rest_route=\/wp\/v2\/product\/18636","targetHints":{"allow":["GET"]}}],"collection":[{"href":"https:\/\/varitrim.com\/index.php?rest_route=\/wp\/v2\/product"}],"about":[{"href":"https:\/\/varitrim.com\/index.php?rest_route=\/wp\/v2\/types\/product"}],"wp:featuredmedia":[{"embeddable":true,"href":"https:\/\/varitrim.com\/index.php?rest_route=\/wp\/v2\/media\/18595"}],"wp:attachment":[{"href":"https:\/\/varitrim.com\/index.php?rest_route=%2Fwp%2Fv2%2Fmedia&parent=18636"}],"wp:term":[{"taxonomy":"product_brand","embeddable":true,"href":"https:\/\/varitrim.com\/index.php?rest_route=%2Fwp%2Fv2%2Fproduct_brand&post=18636"},{"taxonomy":"product_cat","embeddable":true,"href":"https:\/\/varitrim.com\/index.php?rest_route=%2Fwp%2Fv2%2Fproduct_cat&post=18636"},{"taxonomy":"product_tag","embeddable":true,"href":"https:\/\/varitrim.com\/index.php?rest_route=%2Fwp%2Fv2%2Fproduct_tag&post=18636"}],"curies":[{"name":"wp","href":"https:\/\/api.w.org\/{rel}","templated":true}]}}