{"id":18637,"date":"2022-11-03T04:06:52","date_gmt":"2022-11-03T04:06:52","guid":{"rendered":"https:\/\/varitrim.com\/?post_type=product&#038;p=18637"},"modified":"2022-11-03T04:07:06","modified_gmt":"2022-11-03T04:07:06","slug":"bande-de-securite-retroreflechissante","status":"publish","type":"product","link":"https:\/\/varitrim.com\/?product=bande-de-securite-retroreflechissante&lang=fr","title":{"rendered":"Bande de s\u00e9curit\u00e9 r\u00e9tror\u00e9fl\u00e9chissante"},"content":{"rendered":"<p>Les bandes r\u00e9fl\u00e9chissantes de s\u00e9curit\u00e9 sont un moyen facile et rapide d&#8217;\u00e9clairer les uniformes, les v\u00eatements, etc. la nuit gr\u00e2ce \u00e0 l&#8217;application de nos produits r\u00e9fl\u00e9chissants thermocollants, pelables et adh\u00e9sifs ou cousus.<\/p>\n","protected":false},"excerpt":{"rendered":"<p>Les bandes r\u00e9fl\u00e9chissantes de s\u00e9curit\u00e9 sont un moyen facile et rapide d&#8217;\u00e9clairer les uniformes, les v\u00eatements, etc. la nuit gr\u00e2ce \u00e0 l&#8217;application de nos produits r\u00e9fl\u00e9chissants thermocollants, pelables et adh\u00e9sifs ou cousus.<\/p>\n","protected":false},"featured_media":18587,"template":"","meta":[],"product_brand":[],"product_cat":[286],"product_tag":[],"class_list":{"0":"post-18637","1":"product","2":"type-product","3":"status-publish","4":"has-post-thumbnail","6":"product_cat-bandes-reflechissantes","8":"first","9":"instock","10":"featured","11":"shipping-taxable","12":"product-type-simple"},"yoast_head":"<!-- This site is optimized with the Yoast SEO plugin v25.2 - https:\/\/yoast.com\/wordpress\/plugins\/seo\/ -->\n<title>Bande de s\u00e9curit\u00e9 r\u00e9tror\u00e9fl\u00e9chissante - Leading Textile Company in Montreal, Varitrim Textiles Inc.<\/title>\n<meta name=\"robots\" content=\"index, follow, max-snippet:-1, max-image-preview:large, max-video-preview:-1\" \/>\n<link rel=\"canonical\" href=\"https:\/\/varitrim.com\/?product=bande-de-securite-retroreflechissante&lang=fr\" \/>\n<meta property=\"og:locale\" content=\"en_US\" \/>\n<meta property=\"og:type\" content=\"article\" \/>\n<meta property=\"og:title\" content=\"Bande de s\u00e9curit\u00e9 r\u00e9tror\u00e9fl\u00e9chissante - Leading Textile Company in Montreal, Varitrim Textiles Inc.\" \/>\n<meta property=\"og:description\" content=\"Les bandes r\u00e9fl\u00e9chissantes de s\u00e9curit\u00e9 sont un moyen facile et rapide d&#039;\u00e9clairer les uniformes, les v\u00eatements, etc. la nuit gr\u00e2ce \u00e0 l&#039;application de nos produits r\u00e9fl\u00e9chissants thermocollants, pelables et adh\u00e9sifs ou cousus.\" \/>\n<meta property=\"og:url\" content=\"https:\/\/varitrim.com\/?product=bande-de-securite-retroreflechissante&amp;lang=fr\" \/>\n<meta property=\"og:site_name\" content=\"Leading Textile Company in Montreal, Varitrim Textiles Inc.\" \/>\n<meta property=\"article:modified_time\" content=\"2022-11-03T04:07:06+00:00\" \/>\n<meta property=\"og:image\" content=\"https:\/\/varitrim.com\/wp-content\/uploads\/2022\/10\/reflective_tape.png\" \/>\n\t<meta property=\"og:image:width\" content=\"800\" \/>\n\t<meta property=\"og:image:height\" content=\"800\" \/>\n\t<meta property=\"og:image:type\" content=\"image\/png\" \/>\n<meta name=\"twitter:card\" content=\"summary_large_image\" \/>\n<script type=\"application\/ld+json\" class=\"yoast-schema-graph\">{\"@context\":\"https:\/\/schema.org\",\"@graph\":[{\"@type\":\"WebPage\",\"@id\":\"https:\/\/varitrim.com\/?product=bande-de-securite-retroreflechissante&lang=fr\",\"url\":\"https:\/\/varitrim.com\/?product=bande-de-securite-retroreflechissante&lang=fr\",\"name\":\"Bande de s\u00e9curit\u00e9 r\u00e9tror\u00e9fl\u00e9chissante - Leading Textile Company in Montreal, Varitrim Textiles Inc.\",\"isPartOf\":{\"@id\":\"https:\/\/varitrim.com\/#website\"},\"primaryImageOfPage\":{\"@id\":\"https:\/\/varitrim.com\/?product=bande-de-securite-retroreflechissante&lang=fr#primaryimage\"},\"image\":{\"@id\":\"https:\/\/varitrim.com\/?product=bande-de-securite-retroreflechissante&lang=fr#primaryimage\"},\"thumbnailUrl\":\"https:\/\/varitrim.com\/wp-content\/uploads\/2022\/10\/reflective_tape.png\",\"datePublished\":\"2022-11-03T04:06:52+00:00\",\"dateModified\":\"2022-11-03T04:07:06+00:00\",\"breadcrumb\":{\"@id\":\"https:\/\/varitrim.com\/?product=bande-de-securite-retroreflechissante&lang=fr#breadcrumb\"},\"inLanguage\":\"en-US\",\"potentialAction\":[{\"@type\":\"ReadAction\",\"target\":[\"https:\/\/varitrim.com\/?product=bande-de-securite-retroreflechissante&lang=fr\"]}]},{\"@type\":\"ImageObject\",\"inLanguage\":\"en-US\",\"@id\":\"https:\/\/varitrim.com\/?product=bande-de-securite-retroreflechissante&lang=fr#primaryimage\",\"url\":\"https:\/\/varitrim.com\/wp-content\/uploads\/2022\/10\/reflective_tape.png\",\"contentUrl\":\"https:\/\/varitrim.com\/wp-content\/uploads\/2022\/10\/reflective_tape.png\",\"width\":800,\"height\":800},{\"@type\":\"BreadcrumbList\",\"@id\":\"https:\/\/varitrim.com\/?product=bande-de-securite-retroreflechissante&lang=fr#breadcrumb\",\"itemListElement\":[{\"@type\":\"ListItem\",\"position\":1,\"name\":\"Home\",\"item\":\"https:\/\/varitrim.com\/\"},{\"@type\":\"ListItem\",\"position\":2,\"name\":\"Contact Us for a Quote: 1.800.593.7471\",\"item\":\"https:\/\/varitrim.com\/?page_id=51\"},{\"@type\":\"ListItem\",\"position\":3,\"name\":\"Bande de s\u00e9curit\u00e9 r\u00e9tror\u00e9fl\u00e9chissante\"}]},{\"@type\":\"WebSite\",\"@id\":\"https:\/\/varitrim.com\/#website\",\"url\":\"https:\/\/varitrim.com\/\",\"name\":\"Leading Textile Company in Montreal, Varitrim Textiles Inc.\",\"description\":\"Varitrim.com\",\"publisher\":{\"@id\":\"https:\/\/varitrim.com\/#organization\"},\"potentialAction\":[{\"@type\":\"SearchAction\",\"target\":{\"@type\":\"EntryPoint\",\"urlTemplate\":\"https:\/\/varitrim.com\/?s={search_term_string}\"},\"query-input\":{\"@type\":\"PropertyValueSpecification\",\"valueRequired\":true,\"valueName\":\"search_term_string\"}}],\"inLanguage\":\"en-US\"},{\"@type\":\"Organization\",\"@id\":\"https:\/\/varitrim.com\/#organization\",\"name\":\"Leading Textile Company in Montreal, Varitrim Textiles Inc.\",\"url\":\"https:\/\/varitrim.com\/\",\"logo\":{\"@type\":\"ImageObject\",\"inLanguage\":\"en-US\",\"@id\":\"https:\/\/varitrim.com\/#\/schema\/logo\/image\/\",\"url\":\"https:\/\/varitrim.com\/wp-content\/uploads\/2022\/10\/varitrim-e1665027780965.png\",\"contentUrl\":\"https:\/\/varitrim.com\/wp-content\/uploads\/2022\/10\/varitrim-e1665027780965.png\",\"width\":400,\"height\":81,\"caption\":\"Leading Textile Company in Montreal, Varitrim Textiles Inc.\"},\"image\":{\"@id\":\"https:\/\/varitrim.com\/#\/schema\/logo\/image\/\"}}]}<\/script>\n<!-- \/ Yoast SEO plugin. -->","yoast_head_json":{"title":"Bande de s\u00e9curit\u00e9 r\u00e9tror\u00e9fl\u00e9chissante - Leading Textile Company in Montreal, Varitrim Textiles Inc.","robots":{"index":"index","follow":"follow","max-snippet":"max-snippet:-1","max-image-preview":"max-image-preview:large","max-video-preview":"max-video-preview:-1"},"canonical":"https:\/\/varitrim.com\/?product=bande-de-securite-retroreflechissante&lang=fr","og_locale":"en_US","og_type":"article","og_title":"Bande de s\u00e9curit\u00e9 r\u00e9tror\u00e9fl\u00e9chissante - Leading Textile Company in Montreal, Varitrim Textiles Inc.","og_description":"Les bandes r\u00e9fl\u00e9chissantes de s\u00e9curit\u00e9 sont un moyen facile et rapide d'\u00e9clairer les uniformes, les v\u00eatements, etc. la nuit gr\u00e2ce \u00e0 l'application de nos produits r\u00e9fl\u00e9chissants thermocollants, pelables et adh\u00e9sifs ou cousus.","og_url":"https:\/\/varitrim.com\/?product=bande-de-securite-retroreflechissante&lang=fr","og_site_name":"Leading Textile Company in Montreal, Varitrim Textiles Inc.","article_modified_time":"2022-11-03T04:07:06+00:00","og_image":[{"width":800,"height":800,"url":"https:\/\/varitrim.com\/wp-content\/uploads\/2022\/10\/reflective_tape.png","type":"image\/png"}],"twitter_card":"summary_large_image","schema":{"@context":"https:\/\/schema.org","@graph":[{"@type":"WebPage","@id":"https:\/\/varitrim.com\/?product=bande-de-securite-retroreflechissante&lang=fr","url":"https:\/\/varitrim.com\/?product=bande-de-securite-retroreflechissante&lang=fr","name":"Bande de s\u00e9curit\u00e9 r\u00e9tror\u00e9fl\u00e9chissante - Leading Textile Company in Montreal, Varitrim Textiles Inc.","isPartOf":{"@id":"https:\/\/varitrim.com\/#website"},"primaryImageOfPage":{"@id":"https:\/\/varitrim.com\/?product=bande-de-securite-retroreflechissante&lang=fr#primaryimage"},"image":{"@id":"https:\/\/varitrim.com\/?product=bande-de-securite-retroreflechissante&lang=fr#primaryimage"},"thumbnailUrl":"https:\/\/varitrim.com\/wp-content\/uploads\/2022\/10\/reflective_tape.png","datePublished":"2022-11-03T04:06:52+00:00","dateModified":"2022-11-03T04:07:06+00:00","breadcrumb":{"@id":"https:\/\/varitrim.com\/?product=bande-de-securite-retroreflechissante&lang=fr#breadcrumb"},"inLanguage":"en-US","potentialAction":[{"@type":"ReadAction","target":["https:\/\/varitrim.com\/?product=bande-de-securite-retroreflechissante&lang=fr"]}]},{"@type":"ImageObject","inLanguage":"en-US","@id":"https:\/\/varitrim.com\/?product=bande-de-securite-retroreflechissante&lang=fr#primaryimage","url":"https:\/\/varitrim.com\/wp-content\/uploads\/2022\/10\/reflective_tape.png","contentUrl":"https:\/\/varitrim.com\/wp-content\/uploads\/2022\/10\/reflective_tape.png","width":800,"height":800},{"@type":"BreadcrumbList","@id":"https:\/\/varitrim.com\/?product=bande-de-securite-retroreflechissante&lang=fr#breadcrumb","itemListElement":[{"@type":"ListItem","position":1,"name":"Home","item":"https:\/\/varitrim.com\/"},{"@type":"ListItem","position":2,"name":"Contact Us for a Quote: 1.800.593.7471","item":"https:\/\/varitrim.com\/?page_id=51"},{"@type":"ListItem","position":3,"name":"Bande de s\u00e9curit\u00e9 r\u00e9tror\u00e9fl\u00e9chissante"}]},{"@type":"WebSite","@id":"https:\/\/varitrim.com\/#website","url":"https:\/\/varitrim.com\/","name":"Leading Textile Company in Montreal, Varitrim Textiles Inc.","description":"Varitrim.com","publisher":{"@id":"https:\/\/varitrim.com\/#organization"},"potentialAction":[{"@type":"SearchAction","target":{"@type":"EntryPoint","urlTemplate":"https:\/\/varitrim.com\/?s={search_term_string}"},"query-input":{"@type":"PropertyValueSpecification","valueRequired":true,"valueName":"search_term_string"}}],"inLanguage":"en-US"},{"@type":"Organization","@id":"https:\/\/varitrim.com\/#organization","name":"Leading Textile Company in Montreal, Varitrim Textiles Inc.","url":"https:\/\/varitrim.com\/","logo":{"@type":"ImageObject","inLanguage":"en-US","@id":"https:\/\/varitrim.com\/#\/schema\/logo\/image\/","url":"https:\/\/varitrim.com\/wp-content\/uploads\/2022\/10\/varitrim-e1665027780965.png","contentUrl":"https:\/\/varitrim.com\/wp-content\/uploads\/2022\/10\/varitrim-e1665027780965.png","width":400,"height":81,"caption":"Leading Textile Company in Montreal, Varitrim Textiles Inc."},"image":{"@id":"https:\/\/varitrim.com\/#\/schema\/logo\/image\/"}}]}},"lang":"fr","translations":{"fr":18637,"en":18586},"pll_sync_post":[],"_links":{"self":[{"href":"https:\/\/varitrim.com\/index.php?rest_route=\/wp\/v2\/product\/18637","targetHints":{"allow":["GET"]}}],"collection":[{"href":"https:\/\/varitrim.com\/index.php?rest_route=\/wp\/v2\/product"}],"about":[{"href":"https:\/\/varitrim.com\/index.php?rest_route=\/wp\/v2\/types\/product"}],"wp:featuredmedia":[{"embeddable":true,"href":"https:\/\/varitrim.com\/index.php?rest_route=\/wp\/v2\/media\/18587"}],"wp:attachment":[{"href":"https:\/\/varitrim.com\/index.php?rest_route=%2Fwp%2Fv2%2Fmedia&parent=18637"}],"wp:term":[{"taxonomy":"product_brand","embeddable":true,"href":"https:\/\/varitrim.com\/index.php?rest_route=%2Fwp%2Fv2%2Fproduct_brand&post=18637"},{"taxonomy":"product_cat","embeddable":true,"href":"https:\/\/varitrim.com\/index.php?rest_route=%2Fwp%2Fv2%2Fproduct_cat&post=18637"},{"taxonomy":"product_tag","embeddable":true,"href":"https:\/\/varitrim.com\/index.php?rest_route=%2Fwp%2Fv2%2Fproduct_tag&post=18637"}],"curies":[{"name":"wp","href":"https:\/\/api.w.org\/{rel}","templated":true}]}}