{"id":18639,"date":"2022-11-03T04:09:23","date_gmt":"2022-11-03T04:09:23","guid":{"rendered":"https:\/\/varitrim.com\/?post_type=product&#038;p=18639"},"modified":"2022-11-12T06:44:23","modified_gmt":"2022-11-12T06:44:23","slug":"galons","status":"publish","type":"product","link":"https:\/\/varitrim.com\/?product=galons&lang=fr","title":{"rendered":"Galons"},"content":{"rendered":"<p>Ces rubans ont un motif de tissage en &#8220;V&#8221; ou en chevrons.\u00a0 Le motif peut \u00eatre r\u00e9p\u00e9t\u00e9 sur la largeur du ruban pour produire des chevrons r\u00e9p\u00e9t\u00e9s.<\/p>\n<p>Nous fabriquons des rubans en serg\u00e9 de polyester dans deux mod\u00e8les populaires. Le premier est un ruban l\u00e9ger utilis\u00e9 pour une large gamme de v\u00eatements, notamment les attaches de tablier, les rubans de col pour les t-shirts et les garnitures de contraste pour les v\u00eatements de sport. L&#8217;autre est fabriqu\u00e9 avec des fils plus \u00e9pais, ce qui en fait un ruban \u00e0 chevrons doux mais solide. Il est largement utilis\u00e9 pour les garnitures de v\u00eatements et les rubans de stores haut de gamme, car ce produit pr\u00e9sente une excellente stabilit\u00e9 aux UV.<\/p>\n<p>Dans le cas du ruban en coton, notre mod\u00e8le le plus populaire est largement utilis\u00e9 pour les garnitures de v\u00eatements de sport. Les styles \u00e0 chevrons en coton plus lourd sont utilis\u00e9s pour les maillots de rugby, car ils peuvent \u00eatre boutonn\u00e9s et sont suffisamment solides pour r\u00e9sister aux actions brutales.<\/p>\n<p>Les largeurs vont de \u00bd&#8221; \u00e0 3&#8243;.<\/p>\n","protected":false},"excerpt":{"rendered":"<p>Ces rubans ont un motif de tissage en &#8220;V&#8221; ou en chevrons.\u00a0 Le motif peut \u00eatre r\u00e9p\u00e9t\u00e9 sur la largeur du ruban pour produire des chevrons r\u00e9p\u00e9t\u00e9s.<\/p>\n","protected":false},"featured_media":18579,"template":"","meta":[],"product_brand":[],"product_cat":[290],"product_tag":[],"class_list":{"0":"post-18639","1":"product","2":"type-product","3":"status-publish","4":"has-post-thumbnail","6":"product_cat-galons","8":"first","9":"instock","10":"featured","11":"shipping-taxable","12":"product-type-simple"},"yoast_head":"<!-- This site is optimized with the Yoast SEO plugin v25.2 - https:\/\/yoast.com\/wordpress\/plugins\/seo\/ -->\n<title>Galons - Leading Textile Company in Montreal, Varitrim Textiles Inc.<\/title>\n<meta name=\"robots\" content=\"index, follow, max-snippet:-1, max-image-preview:large, max-video-preview:-1\" \/>\n<link rel=\"canonical\" href=\"https:\/\/varitrim.com\/?product=galons&lang=fr\" \/>\n<meta property=\"og:locale\" content=\"en_US\" \/>\n<meta property=\"og:type\" content=\"article\" \/>\n<meta property=\"og:title\" content=\"Galons - Leading Textile Company in Montreal, Varitrim Textiles Inc.\" \/>\n<meta property=\"og:description\" content=\"Ces rubans ont un motif de tissage en &quot;V&quot; ou en chevrons.\u00a0 Le motif peut \u00eatre r\u00e9p\u00e9t\u00e9 sur la largeur du ruban pour produire des chevrons r\u00e9p\u00e9t\u00e9s.\" \/>\n<meta property=\"og:url\" content=\"https:\/\/varitrim.com\/?product=galons&amp;lang=fr\" \/>\n<meta property=\"og:site_name\" content=\"Leading Textile Company in Montreal, Varitrim Textiles Inc.\" \/>\n<meta property=\"article:modified_time\" content=\"2022-11-12T06:44:23+00:00\" \/>\n<meta property=\"og:image\" content=\"https:\/\/varitrim.com\/wp-content\/uploads\/2022\/10\/twill_tape.png\" \/>\n\t<meta property=\"og:image:width\" content=\"800\" \/>\n\t<meta property=\"og:image:height\" content=\"800\" \/>\n\t<meta property=\"og:image:type\" content=\"image\/png\" \/>\n<meta name=\"twitter:card\" content=\"summary_large_image\" \/>\n<meta name=\"twitter:label1\" content=\"Est. reading time\" \/>\n\t<meta name=\"twitter:data1\" content=\"1 minute\" \/>\n<script type=\"application\/ld+json\" class=\"yoast-schema-graph\">{\"@context\":\"https:\/\/schema.org\",\"@graph\":[{\"@type\":\"WebPage\",\"@id\":\"https:\/\/varitrim.com\/?product=galons&lang=fr\",\"url\":\"https:\/\/varitrim.com\/?product=galons&lang=fr\",\"name\":\"Galons - Leading Textile Company in Montreal, Varitrim Textiles Inc.\",\"isPartOf\":{\"@id\":\"https:\/\/varitrim.com\/#website\"},\"primaryImageOfPage\":{\"@id\":\"https:\/\/varitrim.com\/?product=galons&lang=fr#primaryimage\"},\"image\":{\"@id\":\"https:\/\/varitrim.com\/?product=galons&lang=fr#primaryimage\"},\"thumbnailUrl\":\"https:\/\/varitrim.com\/wp-content\/uploads\/2022\/10\/twill_tape.png\",\"datePublished\":\"2022-11-03T04:09:23+00:00\",\"dateModified\":\"2022-11-12T06:44:23+00:00\",\"breadcrumb\":{\"@id\":\"https:\/\/varitrim.com\/?product=galons&lang=fr#breadcrumb\"},\"inLanguage\":\"en-US\",\"potentialAction\":[{\"@type\":\"ReadAction\",\"target\":[\"https:\/\/varitrim.com\/?product=galons&lang=fr\"]}]},{\"@type\":\"ImageObject\",\"inLanguage\":\"en-US\",\"@id\":\"https:\/\/varitrim.com\/?product=galons&lang=fr#primaryimage\",\"url\":\"https:\/\/varitrim.com\/wp-content\/uploads\/2022\/10\/twill_tape.png\",\"contentUrl\":\"https:\/\/varitrim.com\/wp-content\/uploads\/2022\/10\/twill_tape.png\",\"width\":800,\"height\":800},{\"@type\":\"BreadcrumbList\",\"@id\":\"https:\/\/varitrim.com\/?product=galons&lang=fr#breadcrumb\",\"itemListElement\":[{\"@type\":\"ListItem\",\"position\":1,\"name\":\"Home\",\"item\":\"https:\/\/varitrim.com\/\"},{\"@type\":\"ListItem\",\"position\":2,\"name\":\"Contact Us for a Quote: 1.800.593.7471\",\"item\":\"https:\/\/varitrim.com\/?page_id=51\"},{\"@type\":\"ListItem\",\"position\":3,\"name\":\"Galons\"}]},{\"@type\":\"WebSite\",\"@id\":\"https:\/\/varitrim.com\/#website\",\"url\":\"https:\/\/varitrim.com\/\",\"name\":\"Leading Textile Company in Montreal, Varitrim Textiles Inc.\",\"description\":\"Varitrim.com\",\"publisher\":{\"@id\":\"https:\/\/varitrim.com\/#organization\"},\"potentialAction\":[{\"@type\":\"SearchAction\",\"target\":{\"@type\":\"EntryPoint\",\"urlTemplate\":\"https:\/\/varitrim.com\/?s={search_term_string}\"},\"query-input\":{\"@type\":\"PropertyValueSpecification\",\"valueRequired\":true,\"valueName\":\"search_term_string\"}}],\"inLanguage\":\"en-US\"},{\"@type\":\"Organization\",\"@id\":\"https:\/\/varitrim.com\/#organization\",\"name\":\"Leading Textile Company in Montreal, Varitrim Textiles Inc.\",\"url\":\"https:\/\/varitrim.com\/\",\"logo\":{\"@type\":\"ImageObject\",\"inLanguage\":\"en-US\",\"@id\":\"https:\/\/varitrim.com\/#\/schema\/logo\/image\/\",\"url\":\"https:\/\/varitrim.com\/wp-content\/uploads\/2022\/10\/varitrim-e1665027780965.png\",\"contentUrl\":\"https:\/\/varitrim.com\/wp-content\/uploads\/2022\/10\/varitrim-e1665027780965.png\",\"width\":400,\"height\":81,\"caption\":\"Leading Textile Company in Montreal, Varitrim Textiles Inc.\"},\"image\":{\"@id\":\"https:\/\/varitrim.com\/#\/schema\/logo\/image\/\"}}]}<\/script>\n<!-- \/ Yoast SEO plugin. -->","yoast_head_json":{"title":"Galons - Leading Textile Company in Montreal, Varitrim Textiles Inc.","robots":{"index":"index","follow":"follow","max-snippet":"max-snippet:-1","max-image-preview":"max-image-preview:large","max-video-preview":"max-video-preview:-1"},"canonical":"https:\/\/varitrim.com\/?product=galons&lang=fr","og_locale":"en_US","og_type":"article","og_title":"Galons - Leading Textile Company in Montreal, Varitrim Textiles Inc.","og_description":"Ces rubans ont un motif de tissage en \"V\" ou en chevrons.\u00a0 Le motif peut \u00eatre r\u00e9p\u00e9t\u00e9 sur la largeur du ruban pour produire des chevrons r\u00e9p\u00e9t\u00e9s.","og_url":"https:\/\/varitrim.com\/?product=galons&lang=fr","og_site_name":"Leading Textile Company in Montreal, Varitrim Textiles Inc.","article_modified_time":"2022-11-12T06:44:23+00:00","og_image":[{"width":800,"height":800,"url":"https:\/\/varitrim.com\/wp-content\/uploads\/2022\/10\/twill_tape.png","type":"image\/png"}],"twitter_card":"summary_large_image","twitter_misc":{"Est. reading time":"1 minute"},"schema":{"@context":"https:\/\/schema.org","@graph":[{"@type":"WebPage","@id":"https:\/\/varitrim.com\/?product=galons&lang=fr","url":"https:\/\/varitrim.com\/?product=galons&lang=fr","name":"Galons - Leading Textile Company in Montreal, Varitrim Textiles Inc.","isPartOf":{"@id":"https:\/\/varitrim.com\/#website"},"primaryImageOfPage":{"@id":"https:\/\/varitrim.com\/?product=galons&lang=fr#primaryimage"},"image":{"@id":"https:\/\/varitrim.com\/?product=galons&lang=fr#primaryimage"},"thumbnailUrl":"https:\/\/varitrim.com\/wp-content\/uploads\/2022\/10\/twill_tape.png","datePublished":"2022-11-03T04:09:23+00:00","dateModified":"2022-11-12T06:44:23+00:00","breadcrumb":{"@id":"https:\/\/varitrim.com\/?product=galons&lang=fr#breadcrumb"},"inLanguage":"en-US","potentialAction":[{"@type":"ReadAction","target":["https:\/\/varitrim.com\/?product=galons&lang=fr"]}]},{"@type":"ImageObject","inLanguage":"en-US","@id":"https:\/\/varitrim.com\/?product=galons&lang=fr#primaryimage","url":"https:\/\/varitrim.com\/wp-content\/uploads\/2022\/10\/twill_tape.png","contentUrl":"https:\/\/varitrim.com\/wp-content\/uploads\/2022\/10\/twill_tape.png","width":800,"height":800},{"@type":"BreadcrumbList","@id":"https:\/\/varitrim.com\/?product=galons&lang=fr#breadcrumb","itemListElement":[{"@type":"ListItem","position":1,"name":"Home","item":"https:\/\/varitrim.com\/"},{"@type":"ListItem","position":2,"name":"Contact Us for a Quote: 1.800.593.7471","item":"https:\/\/varitrim.com\/?page_id=51"},{"@type":"ListItem","position":3,"name":"Galons"}]},{"@type":"WebSite","@id":"https:\/\/varitrim.com\/#website","url":"https:\/\/varitrim.com\/","name":"Leading Textile Company in Montreal, Varitrim Textiles Inc.","description":"Varitrim.com","publisher":{"@id":"https:\/\/varitrim.com\/#organization"},"potentialAction":[{"@type":"SearchAction","target":{"@type":"EntryPoint","urlTemplate":"https:\/\/varitrim.com\/?s={search_term_string}"},"query-input":{"@type":"PropertyValueSpecification","valueRequired":true,"valueName":"search_term_string"}}],"inLanguage":"en-US"},{"@type":"Organization","@id":"https:\/\/varitrim.com\/#organization","name":"Leading Textile Company in Montreal, Varitrim Textiles Inc.","url":"https:\/\/varitrim.com\/","logo":{"@type":"ImageObject","inLanguage":"en-US","@id":"https:\/\/varitrim.com\/#\/schema\/logo\/image\/","url":"https:\/\/varitrim.com\/wp-content\/uploads\/2022\/10\/varitrim-e1665027780965.png","contentUrl":"https:\/\/varitrim.com\/wp-content\/uploads\/2022\/10\/varitrim-e1665027780965.png","width":400,"height":81,"caption":"Leading Textile Company in Montreal, Varitrim Textiles Inc."},"image":{"@id":"https:\/\/varitrim.com\/#\/schema\/logo\/image\/"}}]}},"lang":"fr","translations":{"fr":18639,"en":18578},"pll_sync_post":[],"_links":{"self":[{"href":"https:\/\/varitrim.com\/index.php?rest_route=\/wp\/v2\/product\/18639","targetHints":{"allow":["GET"]}}],"collection":[{"href":"https:\/\/varitrim.com\/index.php?rest_route=\/wp\/v2\/product"}],"about":[{"href":"https:\/\/varitrim.com\/index.php?rest_route=\/wp\/v2\/types\/product"}],"wp:featuredmedia":[{"embeddable":true,"href":"https:\/\/varitrim.com\/index.php?rest_route=\/wp\/v2\/media\/18579"}],"wp:attachment":[{"href":"https:\/\/varitrim.com\/index.php?rest_route=%2Fwp%2Fv2%2Fmedia&parent=18639"}],"wp:term":[{"taxonomy":"product_brand","embeddable":true,"href":"https:\/\/varitrim.com\/index.php?rest_route=%2Fwp%2Fv2%2Fproduct_brand&post=18639"},{"taxonomy":"product_cat","embeddable":true,"href":"https:\/\/varitrim.com\/index.php?rest_route=%2Fwp%2Fv2%2Fproduct_cat&post=18639"},{"taxonomy":"product_tag","embeddable":true,"href":"https:\/\/varitrim.com\/index.php?rest_route=%2Fwp%2Fv2%2Fproduct_tag&post=18639"}],"curies":[{"name":"wp","href":"https:\/\/api.w.org\/{rel}","templated":true}]}}