{"id":18649,"date":"2022-11-03T04:21:49","date_gmt":"2022-11-03T04:21:49","guid":{"rendered":"https:\/\/varitrim.com\/?post_type=product&#038;p=18649"},"modified":"2022-11-03T04:22:10","modified_gmt":"2022-11-03T04:22:10","slug":"lacets-de-hockey-blancs","status":"publish","type":"product","link":"https:\/\/varitrim.com\/?product=lacets-de-hockey-blancs&lang=fr","title":{"rendered":"Lacets de hockey blancs"},"content":{"rendered":"<p>Tous nos lacets sont fabriqu\u00e9s ici au Canada. Ils peuvent \u00eatre faits de fibres synth\u00e9tiques telles que le nylon, le polyester textur\u00e9, le polyester fil\u00e9, le nomex, le polypropyl\u00e8ne ainsi que le coton. Nous offrons une grande vari\u00e9t\u00e9 de lacets plats et ronds de diff\u00e9rentes couleurs.\u00a0 Nous pouvons \u00e9galement fabriquer un lacet personnalis\u00e9 qui r\u00e9pond \u00e0 vos besoins dans les styles tressage et tricotage.<\/p>\n","protected":false},"excerpt":{"rendered":"<p>Tous nos lacets sont fabriqu\u00e9s ici au Canada. Ils peuvent \u00eatre faits de fibres synth\u00e9tiques telles que le nylon, le polyester textur\u00e9, le polyester fil\u00e9, le nomex, le polypropyl\u00e8ne ainsi que le coton.<\/p>\n","protected":false},"featured_media":18396,"template":"","meta":[],"product_brand":[],"product_cat":[296],"product_tag":[],"class_list":{"0":"post-18649","1":"product","2":"type-product","3":"status-publish","4":"has-post-thumbnail","6":"product_cat-lacets-de-chaussures-lacets-de-hockey-cordons-de-serrage","7":"ts_product_brand-varitrim","9":"first","10":"instock","11":"shipping-taxable","12":"product-type-simple"},"yoast_head":"<!-- This site is optimized with the Yoast SEO plugin v25.2 - https:\/\/yoast.com\/wordpress\/plugins\/seo\/ -->\n<title>Lacets de hockey blancs - Leading Textile Company in Montreal, Varitrim Textiles Inc.<\/title>\n<meta name=\"robots\" content=\"index, follow, max-snippet:-1, max-image-preview:large, max-video-preview:-1\" \/>\n<link rel=\"canonical\" href=\"https:\/\/varitrim.com\/?product=lacets-de-hockey-blancs&lang=fr\" \/>\n<meta property=\"og:locale\" content=\"en_US\" \/>\n<meta property=\"og:type\" content=\"article\" \/>\n<meta property=\"og:title\" content=\"Lacets de hockey blancs - Leading Textile Company in Montreal, Varitrim Textiles Inc.\" \/>\n<meta property=\"og:description\" content=\"Tous nos lacets sont fabriqu\u00e9s ici au Canada. Ils peuvent \u00eatre faits de fibres synth\u00e9tiques telles que le nylon, le polyester textur\u00e9, le polyester fil\u00e9, le nomex, le polypropyl\u00e8ne ainsi que le coton.\" \/>\n<meta property=\"og:url\" content=\"https:\/\/varitrim.com\/?product=lacets-de-hockey-blancs&amp;lang=fr\" \/>\n<meta property=\"og:site_name\" content=\"Leading Textile Company in Montreal, Varitrim Textiles Inc.\" \/>\n<meta property=\"article:modified_time\" content=\"2022-11-03T04:22:10+00:00\" \/>\n<meta property=\"og:image\" content=\"https:\/\/varitrim.com\/wp-content\/uploads\/2022\/09\/hockey_laces.jpg\" \/>\n\t<meta property=\"og:image:width\" content=\"800\" \/>\n\t<meta property=\"og:image:height\" content=\"800\" \/>\n\t<meta property=\"og:image:type\" content=\"image\/jpeg\" \/>\n<meta name=\"twitter:card\" content=\"summary_large_image\" \/>\n<script type=\"application\/ld+json\" class=\"yoast-schema-graph\">{\"@context\":\"https:\/\/schema.org\",\"@graph\":[{\"@type\":\"WebPage\",\"@id\":\"https:\/\/varitrim.com\/?product=lacets-de-hockey-blancs&lang=fr\",\"url\":\"https:\/\/varitrim.com\/?product=lacets-de-hockey-blancs&lang=fr\",\"name\":\"Lacets de hockey blancs - Leading Textile Company in Montreal, Varitrim Textiles Inc.\",\"isPartOf\":{\"@id\":\"https:\/\/varitrim.com\/#website\"},\"primaryImageOfPage\":{\"@id\":\"https:\/\/varitrim.com\/?product=lacets-de-hockey-blancs&lang=fr#primaryimage\"},\"image\":{\"@id\":\"https:\/\/varitrim.com\/?product=lacets-de-hockey-blancs&lang=fr#primaryimage\"},\"thumbnailUrl\":\"https:\/\/varitrim.com\/wp-content\/uploads\/2022\/09\/hockey_laces.jpg\",\"datePublished\":\"2022-11-03T04:21:49+00:00\",\"dateModified\":\"2022-11-03T04:22:10+00:00\",\"breadcrumb\":{\"@id\":\"https:\/\/varitrim.com\/?product=lacets-de-hockey-blancs&lang=fr#breadcrumb\"},\"inLanguage\":\"en-US\",\"potentialAction\":[{\"@type\":\"ReadAction\",\"target\":[\"https:\/\/varitrim.com\/?product=lacets-de-hockey-blancs&lang=fr\"]}]},{\"@type\":\"ImageObject\",\"inLanguage\":\"en-US\",\"@id\":\"https:\/\/varitrim.com\/?product=lacets-de-hockey-blancs&lang=fr#primaryimage\",\"url\":\"https:\/\/varitrim.com\/wp-content\/uploads\/2022\/09\/hockey_laces.jpg\",\"contentUrl\":\"https:\/\/varitrim.com\/wp-content\/uploads\/2022\/09\/hockey_laces.jpg\",\"width\":800,\"height\":800},{\"@type\":\"BreadcrumbList\",\"@id\":\"https:\/\/varitrim.com\/?product=lacets-de-hockey-blancs&lang=fr#breadcrumb\",\"itemListElement\":[{\"@type\":\"ListItem\",\"position\":1,\"name\":\"Home\",\"item\":\"https:\/\/varitrim.com\/\"},{\"@type\":\"ListItem\",\"position\":2,\"name\":\"Contact Us for a Quote: 1.800.593.7471\",\"item\":\"https:\/\/varitrim.com\/?page_id=51\"},{\"@type\":\"ListItem\",\"position\":3,\"name\":\"Lacets de hockey blancs\"}]},{\"@type\":\"WebSite\",\"@id\":\"https:\/\/varitrim.com\/#website\",\"url\":\"https:\/\/varitrim.com\/\",\"name\":\"Leading Textile Company in Montreal, Varitrim Textiles Inc.\",\"description\":\"Varitrim.com\",\"publisher\":{\"@id\":\"https:\/\/varitrim.com\/#organization\"},\"potentialAction\":[{\"@type\":\"SearchAction\",\"target\":{\"@type\":\"EntryPoint\",\"urlTemplate\":\"https:\/\/varitrim.com\/?s={search_term_string}\"},\"query-input\":{\"@type\":\"PropertyValueSpecification\",\"valueRequired\":true,\"valueName\":\"search_term_string\"}}],\"inLanguage\":\"en-US\"},{\"@type\":\"Organization\",\"@id\":\"https:\/\/varitrim.com\/#organization\",\"name\":\"Leading Textile Company in Montreal, Varitrim Textiles Inc.\",\"url\":\"https:\/\/varitrim.com\/\",\"logo\":{\"@type\":\"ImageObject\",\"inLanguage\":\"en-US\",\"@id\":\"https:\/\/varitrim.com\/#\/schema\/logo\/image\/\",\"url\":\"https:\/\/varitrim.com\/wp-content\/uploads\/2022\/10\/varitrim-e1665027780965.png\",\"contentUrl\":\"https:\/\/varitrim.com\/wp-content\/uploads\/2022\/10\/varitrim-e1665027780965.png\",\"width\":400,\"height\":81,\"caption\":\"Leading Textile Company in Montreal, Varitrim Textiles Inc.\"},\"image\":{\"@id\":\"https:\/\/varitrim.com\/#\/schema\/logo\/image\/\"}}]}<\/script>\n<!-- \/ Yoast SEO plugin. -->","yoast_head_json":{"title":"Lacets de hockey blancs - Leading Textile Company in Montreal, Varitrim Textiles Inc.","robots":{"index":"index","follow":"follow","max-snippet":"max-snippet:-1","max-image-preview":"max-image-preview:large","max-video-preview":"max-video-preview:-1"},"canonical":"https:\/\/varitrim.com\/?product=lacets-de-hockey-blancs&lang=fr","og_locale":"en_US","og_type":"article","og_title":"Lacets de hockey blancs - Leading Textile Company in Montreal, Varitrim Textiles Inc.","og_description":"Tous nos lacets sont fabriqu\u00e9s ici au Canada. Ils peuvent \u00eatre faits de fibres synth\u00e9tiques telles que le nylon, le polyester textur\u00e9, le polyester fil\u00e9, le nomex, le polypropyl\u00e8ne ainsi que le coton.","og_url":"https:\/\/varitrim.com\/?product=lacets-de-hockey-blancs&lang=fr","og_site_name":"Leading Textile Company in Montreal, Varitrim Textiles Inc.","article_modified_time":"2022-11-03T04:22:10+00:00","og_image":[{"width":800,"height":800,"url":"https:\/\/varitrim.com\/wp-content\/uploads\/2022\/09\/hockey_laces.jpg","type":"image\/jpeg"}],"twitter_card":"summary_large_image","schema":{"@context":"https:\/\/schema.org","@graph":[{"@type":"WebPage","@id":"https:\/\/varitrim.com\/?product=lacets-de-hockey-blancs&lang=fr","url":"https:\/\/varitrim.com\/?product=lacets-de-hockey-blancs&lang=fr","name":"Lacets de hockey blancs - Leading Textile Company in Montreal, Varitrim Textiles Inc.","isPartOf":{"@id":"https:\/\/varitrim.com\/#website"},"primaryImageOfPage":{"@id":"https:\/\/varitrim.com\/?product=lacets-de-hockey-blancs&lang=fr#primaryimage"},"image":{"@id":"https:\/\/varitrim.com\/?product=lacets-de-hockey-blancs&lang=fr#primaryimage"},"thumbnailUrl":"https:\/\/varitrim.com\/wp-content\/uploads\/2022\/09\/hockey_laces.jpg","datePublished":"2022-11-03T04:21:49+00:00","dateModified":"2022-11-03T04:22:10+00:00","breadcrumb":{"@id":"https:\/\/varitrim.com\/?product=lacets-de-hockey-blancs&lang=fr#breadcrumb"},"inLanguage":"en-US","potentialAction":[{"@type":"ReadAction","target":["https:\/\/varitrim.com\/?product=lacets-de-hockey-blancs&lang=fr"]}]},{"@type":"ImageObject","inLanguage":"en-US","@id":"https:\/\/varitrim.com\/?product=lacets-de-hockey-blancs&lang=fr#primaryimage","url":"https:\/\/varitrim.com\/wp-content\/uploads\/2022\/09\/hockey_laces.jpg","contentUrl":"https:\/\/varitrim.com\/wp-content\/uploads\/2022\/09\/hockey_laces.jpg","width":800,"height":800},{"@type":"BreadcrumbList","@id":"https:\/\/varitrim.com\/?product=lacets-de-hockey-blancs&lang=fr#breadcrumb","itemListElement":[{"@type":"ListItem","position":1,"name":"Home","item":"https:\/\/varitrim.com\/"},{"@type":"ListItem","position":2,"name":"Contact Us for a Quote: 1.800.593.7471","item":"https:\/\/varitrim.com\/?page_id=51"},{"@type":"ListItem","position":3,"name":"Lacets de hockey blancs"}]},{"@type":"WebSite","@id":"https:\/\/varitrim.com\/#website","url":"https:\/\/varitrim.com\/","name":"Leading Textile Company in Montreal, Varitrim Textiles Inc.","description":"Varitrim.com","publisher":{"@id":"https:\/\/varitrim.com\/#organization"},"potentialAction":[{"@type":"SearchAction","target":{"@type":"EntryPoint","urlTemplate":"https:\/\/varitrim.com\/?s={search_term_string}"},"query-input":{"@type":"PropertyValueSpecification","valueRequired":true,"valueName":"search_term_string"}}],"inLanguage":"en-US"},{"@type":"Organization","@id":"https:\/\/varitrim.com\/#organization","name":"Leading Textile Company in Montreal, Varitrim Textiles Inc.","url":"https:\/\/varitrim.com\/","logo":{"@type":"ImageObject","inLanguage":"en-US","@id":"https:\/\/varitrim.com\/#\/schema\/logo\/image\/","url":"https:\/\/varitrim.com\/wp-content\/uploads\/2022\/10\/varitrim-e1665027780965.png","contentUrl":"https:\/\/varitrim.com\/wp-content\/uploads\/2022\/10\/varitrim-e1665027780965.png","width":400,"height":81,"caption":"Leading Textile Company in Montreal, Varitrim Textiles Inc."},"image":{"@id":"https:\/\/varitrim.com\/#\/schema\/logo\/image\/"}}]}},"lang":"fr","translations":{"fr":18649,"en":18408},"pll_sync_post":[],"_links":{"self":[{"href":"https:\/\/varitrim.com\/index.php?rest_route=\/wp\/v2\/product\/18649","targetHints":{"allow":["GET"]}}],"collection":[{"href":"https:\/\/varitrim.com\/index.php?rest_route=\/wp\/v2\/product"}],"about":[{"href":"https:\/\/varitrim.com\/index.php?rest_route=\/wp\/v2\/types\/product"}],"wp:featuredmedia":[{"embeddable":true,"href":"https:\/\/varitrim.com\/index.php?rest_route=\/wp\/v2\/media\/18396"}],"wp:attachment":[{"href":"https:\/\/varitrim.com\/index.php?rest_route=%2Fwp%2Fv2%2Fmedia&parent=18649"}],"wp:term":[{"taxonomy":"product_brand","embeddable":true,"href":"https:\/\/varitrim.com\/index.php?rest_route=%2Fwp%2Fv2%2Fproduct_brand&post=18649"},{"taxonomy":"product_cat","embeddable":true,"href":"https:\/\/varitrim.com\/index.php?rest_route=%2Fwp%2Fv2%2Fproduct_cat&post=18649"},{"taxonomy":"product_tag","embeddable":true,"href":"https:\/\/varitrim.com\/index.php?rest_route=%2Fwp%2Fv2%2Fproduct_tag&post=18649"}],"curies":[{"name":"wp","href":"https:\/\/api.w.org\/{rel}","templated":true}]}}