{"id":18685,"date":"2022-11-08T22:19:44","date_gmt":"2022-11-08T22:19:44","guid":{"rendered":"https:\/\/varitrim.com\/?post_type=product&#038;p=18685"},"modified":"2022-11-08T22:20:04","modified_gmt":"2022-11-08T22:20:04","slug":"jacquard-blanc","status":"publish","type":"product","link":"https:\/\/varitrim.com\/?product=jacquard-blanc&lang=fr","title":{"rendered":"Jacquard Blanc"},"content":{"rendered":"<p>Les \u00e9lastiques Jacquard tiss\u00e9s peuvent \u00eatre utilis\u00e9s pour les ceintures, les bretelles et les sangles. Les tissus jacquards sont souvent utilis\u00e9s dans un march\u00e9 plus sp\u00e9cifique comme les v\u00eatements intimes, ou l&#8217;industrie des articles de sport. Nous pouvons personnaliser l&#8217;\u00e9lastique en fonction du logo de votre marque. Nous utilisons du nylon, du polyester ou du spandex pour cr\u00e9er un \u00e9lastique confortable, fonctionnel et attrayant pour vous.<\/p>\n","protected":false},"excerpt":{"rendered":"<p>Les \u00e9lastiques Jacquard tiss\u00e9s peuvent \u00eatre utilis\u00e9s pour les ceintures, les bretelles et les sangles. Les tissus jacquards sont souvent utilis\u00e9s dans un march\u00e9 plus sp\u00e9cifique comme les v\u00eatements intimes, ou l&#8217;industrie des articles de sport. Nous pouvons personnaliser l&#8217;\u00e9lastique en fonction du logo de votre marque. Nous utilisons du nylon, du polyester ou du spandex pour cr\u00e9er un \u00e9lastique confortable, fonctionnel et attrayant pour vous.<\/p>\n","protected":false},"featured_media":18398,"template":"","meta":[],"product_brand":[],"product_cat":[237],"product_tag":[],"class_list":{"0":"post-18685","1":"product","2":"type-product","3":"status-publish","4":"has-post-thumbnail","6":"product_cat-elastiques-jacquard","8":"first","9":"instock","10":"featured","11":"shipping-taxable","12":"product-type-simple"},"yoast_head":"<!-- This site is optimized with the Yoast SEO plugin v25.2 - https:\/\/yoast.com\/wordpress\/plugins\/seo\/ -->\n<title>Jacquard Blanc - Leading Textile Company in Montreal, Varitrim Textiles Inc.<\/title>\n<meta name=\"robots\" content=\"index, follow, max-snippet:-1, max-image-preview:large, max-video-preview:-1\" \/>\n<link rel=\"canonical\" href=\"https:\/\/varitrim.com\/?product=jacquard-blanc&lang=fr\" \/>\n<meta property=\"og:locale\" content=\"en_US\" \/>\n<meta property=\"og:type\" content=\"article\" \/>\n<meta property=\"og:title\" content=\"Jacquard Blanc - Leading Textile Company in Montreal, Varitrim Textiles Inc.\" \/>\n<meta property=\"og:description\" content=\"Les \u00e9lastiques Jacquard tiss\u00e9s peuvent \u00eatre utilis\u00e9s pour les ceintures, les bretelles et les sangles. Les tissus jacquards sont souvent utilis\u00e9s dans un march\u00e9 plus sp\u00e9cifique comme les v\u00eatements intimes, ou l&#039;industrie des articles de sport. Nous pouvons personnaliser l&#039;\u00e9lastique en fonction du logo de votre marque. Nous utilisons du nylon, du polyester ou du spandex pour cr\u00e9er un \u00e9lastique confortable, fonctionnel et attrayant pour vous.\" \/>\n<meta property=\"og:url\" content=\"https:\/\/varitrim.com\/?product=jacquard-blanc&amp;lang=fr\" \/>\n<meta property=\"og:site_name\" content=\"Leading Textile Company in Montreal, Varitrim Textiles Inc.\" \/>\n<meta property=\"article:modified_time\" content=\"2022-11-08T22:20:04+00:00\" \/>\n<meta property=\"og:image\" content=\"https:\/\/varitrim.com\/wp-content\/uploads\/2022\/09\/jacquard.jpg\" \/>\n\t<meta property=\"og:image:width\" content=\"800\" \/>\n\t<meta property=\"og:image:height\" content=\"800\" \/>\n\t<meta property=\"og:image:type\" content=\"image\/jpeg\" \/>\n<meta name=\"twitter:card\" content=\"summary_large_image\" \/>\n<meta name=\"twitter:label1\" content=\"Est. reading time\" \/>\n\t<meta name=\"twitter:data1\" content=\"1 minute\" \/>\n<script type=\"application\/ld+json\" class=\"yoast-schema-graph\">{\"@context\":\"https:\/\/schema.org\",\"@graph\":[{\"@type\":\"WebPage\",\"@id\":\"https:\/\/varitrim.com\/?product=jacquard-blanc&lang=fr\",\"url\":\"https:\/\/varitrim.com\/?product=jacquard-blanc&lang=fr\",\"name\":\"Jacquard Blanc - Leading Textile Company in Montreal, Varitrim Textiles Inc.\",\"isPartOf\":{\"@id\":\"https:\/\/varitrim.com\/#website\"},\"primaryImageOfPage\":{\"@id\":\"https:\/\/varitrim.com\/?product=jacquard-blanc&lang=fr#primaryimage\"},\"image\":{\"@id\":\"https:\/\/varitrim.com\/?product=jacquard-blanc&lang=fr#primaryimage\"},\"thumbnailUrl\":\"https:\/\/varitrim.com\/wp-content\/uploads\/2022\/09\/jacquard.jpg\",\"datePublished\":\"2022-11-08T22:19:44+00:00\",\"dateModified\":\"2022-11-08T22:20:04+00:00\",\"breadcrumb\":{\"@id\":\"https:\/\/varitrim.com\/?product=jacquard-blanc&lang=fr#breadcrumb\"},\"inLanguage\":\"en-US\",\"potentialAction\":[{\"@type\":\"ReadAction\",\"target\":[\"https:\/\/varitrim.com\/?product=jacquard-blanc&lang=fr\"]}]},{\"@type\":\"ImageObject\",\"inLanguage\":\"en-US\",\"@id\":\"https:\/\/varitrim.com\/?product=jacquard-blanc&lang=fr#primaryimage\",\"url\":\"https:\/\/varitrim.com\/wp-content\/uploads\/2022\/09\/jacquard.jpg\",\"contentUrl\":\"https:\/\/varitrim.com\/wp-content\/uploads\/2022\/09\/jacquard.jpg\",\"width\":800,\"height\":800},{\"@type\":\"BreadcrumbList\",\"@id\":\"https:\/\/varitrim.com\/?product=jacquard-blanc&lang=fr#breadcrumb\",\"itemListElement\":[{\"@type\":\"ListItem\",\"position\":1,\"name\":\"Home\",\"item\":\"https:\/\/varitrim.com\/\"},{\"@type\":\"ListItem\",\"position\":2,\"name\":\"Contact Us for a Quote: 1.800.593.7471\",\"item\":\"https:\/\/varitrim.com\/?page_id=51\"},{\"@type\":\"ListItem\",\"position\":3,\"name\":\"Jacquard Blanc\"}]},{\"@type\":\"WebSite\",\"@id\":\"https:\/\/varitrim.com\/#website\",\"url\":\"https:\/\/varitrim.com\/\",\"name\":\"Leading Textile Company in Montreal, Varitrim Textiles Inc.\",\"description\":\"Varitrim.com\",\"publisher\":{\"@id\":\"https:\/\/varitrim.com\/#organization\"},\"potentialAction\":[{\"@type\":\"SearchAction\",\"target\":{\"@type\":\"EntryPoint\",\"urlTemplate\":\"https:\/\/varitrim.com\/?s={search_term_string}\"},\"query-input\":{\"@type\":\"PropertyValueSpecification\",\"valueRequired\":true,\"valueName\":\"search_term_string\"}}],\"inLanguage\":\"en-US\"},{\"@type\":\"Organization\",\"@id\":\"https:\/\/varitrim.com\/#organization\",\"name\":\"Leading Textile Company in Montreal, Varitrim Textiles Inc.\",\"url\":\"https:\/\/varitrim.com\/\",\"logo\":{\"@type\":\"ImageObject\",\"inLanguage\":\"en-US\",\"@id\":\"https:\/\/varitrim.com\/#\/schema\/logo\/image\/\",\"url\":\"https:\/\/varitrim.com\/wp-content\/uploads\/2022\/10\/varitrim-e1665027780965.png\",\"contentUrl\":\"https:\/\/varitrim.com\/wp-content\/uploads\/2022\/10\/varitrim-e1665027780965.png\",\"width\":400,\"height\":81,\"caption\":\"Leading Textile Company in Montreal, Varitrim Textiles Inc.\"},\"image\":{\"@id\":\"https:\/\/varitrim.com\/#\/schema\/logo\/image\/\"}}]}<\/script>\n<!-- \/ Yoast SEO plugin. -->","yoast_head_json":{"title":"Jacquard Blanc - Leading Textile Company in Montreal, Varitrim Textiles Inc.","robots":{"index":"index","follow":"follow","max-snippet":"max-snippet:-1","max-image-preview":"max-image-preview:large","max-video-preview":"max-video-preview:-1"},"canonical":"https:\/\/varitrim.com\/?product=jacquard-blanc&lang=fr","og_locale":"en_US","og_type":"article","og_title":"Jacquard Blanc - Leading Textile Company in Montreal, Varitrim Textiles Inc.","og_description":"Les \u00e9lastiques Jacquard tiss\u00e9s peuvent \u00eatre utilis\u00e9s pour les ceintures, les bretelles et les sangles. Les tissus jacquards sont souvent utilis\u00e9s dans un march\u00e9 plus sp\u00e9cifique comme les v\u00eatements intimes, ou l'industrie des articles de sport. Nous pouvons personnaliser l'\u00e9lastique en fonction du logo de votre marque. Nous utilisons du nylon, du polyester ou du spandex pour cr\u00e9er un \u00e9lastique confortable, fonctionnel et attrayant pour vous.","og_url":"https:\/\/varitrim.com\/?product=jacquard-blanc&lang=fr","og_site_name":"Leading Textile Company in Montreal, Varitrim Textiles Inc.","article_modified_time":"2022-11-08T22:20:04+00:00","og_image":[{"width":800,"height":800,"url":"https:\/\/varitrim.com\/wp-content\/uploads\/2022\/09\/jacquard.jpg","type":"image\/jpeg"}],"twitter_card":"summary_large_image","twitter_misc":{"Est. reading time":"1 minute"},"schema":{"@context":"https:\/\/schema.org","@graph":[{"@type":"WebPage","@id":"https:\/\/varitrim.com\/?product=jacquard-blanc&lang=fr","url":"https:\/\/varitrim.com\/?product=jacquard-blanc&lang=fr","name":"Jacquard Blanc - Leading Textile Company in Montreal, Varitrim Textiles Inc.","isPartOf":{"@id":"https:\/\/varitrim.com\/#website"},"primaryImageOfPage":{"@id":"https:\/\/varitrim.com\/?product=jacquard-blanc&lang=fr#primaryimage"},"image":{"@id":"https:\/\/varitrim.com\/?product=jacquard-blanc&lang=fr#primaryimage"},"thumbnailUrl":"https:\/\/varitrim.com\/wp-content\/uploads\/2022\/09\/jacquard.jpg","datePublished":"2022-11-08T22:19:44+00:00","dateModified":"2022-11-08T22:20:04+00:00","breadcrumb":{"@id":"https:\/\/varitrim.com\/?product=jacquard-blanc&lang=fr#breadcrumb"},"inLanguage":"en-US","potentialAction":[{"@type":"ReadAction","target":["https:\/\/varitrim.com\/?product=jacquard-blanc&lang=fr"]}]},{"@type":"ImageObject","inLanguage":"en-US","@id":"https:\/\/varitrim.com\/?product=jacquard-blanc&lang=fr#primaryimage","url":"https:\/\/varitrim.com\/wp-content\/uploads\/2022\/09\/jacquard.jpg","contentUrl":"https:\/\/varitrim.com\/wp-content\/uploads\/2022\/09\/jacquard.jpg","width":800,"height":800},{"@type":"BreadcrumbList","@id":"https:\/\/varitrim.com\/?product=jacquard-blanc&lang=fr#breadcrumb","itemListElement":[{"@type":"ListItem","position":1,"name":"Home","item":"https:\/\/varitrim.com\/"},{"@type":"ListItem","position":2,"name":"Contact Us for a Quote: 1.800.593.7471","item":"https:\/\/varitrim.com\/?page_id=51"},{"@type":"ListItem","position":3,"name":"Jacquard Blanc"}]},{"@type":"WebSite","@id":"https:\/\/varitrim.com\/#website","url":"https:\/\/varitrim.com\/","name":"Leading Textile Company in Montreal, Varitrim Textiles Inc.","description":"Varitrim.com","publisher":{"@id":"https:\/\/varitrim.com\/#organization"},"potentialAction":[{"@type":"SearchAction","target":{"@type":"EntryPoint","urlTemplate":"https:\/\/varitrim.com\/?s={search_term_string}"},"query-input":{"@type":"PropertyValueSpecification","valueRequired":true,"valueName":"search_term_string"}}],"inLanguage":"en-US"},{"@type":"Organization","@id":"https:\/\/varitrim.com\/#organization","name":"Leading Textile Company in Montreal, Varitrim Textiles Inc.","url":"https:\/\/varitrim.com\/","logo":{"@type":"ImageObject","inLanguage":"en-US","@id":"https:\/\/varitrim.com\/#\/schema\/logo\/image\/","url":"https:\/\/varitrim.com\/wp-content\/uploads\/2022\/10\/varitrim-e1665027780965.png","contentUrl":"https:\/\/varitrim.com\/wp-content\/uploads\/2022\/10\/varitrim-e1665027780965.png","width":400,"height":81,"caption":"Leading Textile Company in Montreal, Varitrim Textiles Inc."},"image":{"@id":"https:\/\/varitrim.com\/#\/schema\/logo\/image\/"}}]}},"lang":"fr","translations":{"fr":18685,"en":18400},"pll_sync_post":[],"_links":{"self":[{"href":"https:\/\/varitrim.com\/index.php?rest_route=\/wp\/v2\/product\/18685","targetHints":{"allow":["GET"]}}],"collection":[{"href":"https:\/\/varitrim.com\/index.php?rest_route=\/wp\/v2\/product"}],"about":[{"href":"https:\/\/varitrim.com\/index.php?rest_route=\/wp\/v2\/types\/product"}],"wp:featuredmedia":[{"embeddable":true,"href":"https:\/\/varitrim.com\/index.php?rest_route=\/wp\/v2\/media\/18398"}],"wp:attachment":[{"href":"https:\/\/varitrim.com\/index.php?rest_route=%2Fwp%2Fv2%2Fmedia&parent=18685"}],"wp:term":[{"taxonomy":"product_brand","embeddable":true,"href":"https:\/\/varitrim.com\/index.php?rest_route=%2Fwp%2Fv2%2Fproduct_brand&post=18685"},{"taxonomy":"product_cat","embeddable":true,"href":"https:\/\/varitrim.com\/index.php?rest_route=%2Fwp%2Fv2%2Fproduct_cat&post=18685"},{"taxonomy":"product_tag","embeddable":true,"href":"https:\/\/varitrim.com\/index.php?rest_route=%2Fwp%2Fv2%2Fproduct_tag&post=18685"}],"curies":[{"name":"wp","href":"https:\/\/api.w.org\/{rel}","templated":true}]}}